{"id":1005,"date":"2022-09-14T13:38:31","date_gmt":"2022-09-14T11:38:31","guid":{"rendered":"https:\/\/new.claireambiance.com\/?post_type=product&#038;p=1005"},"modified":"2023-02-10T15:46:26","modified_gmt":"2023-02-10T14:46:26","slug":"fauteuil-vela","status":"publish","type":"product","link":"https:\/\/claireambiance.com\/en\/produit\/fauteuil-vela\/","title":{"rendered":"FAUTEUIL OUTDOOR VELA"},"content":{"rendered":"","protected":false},"excerpt":{"rendered":"<p>Le\u00a0<b>Fauteuil Vela\u00a0<\/b>de chez\u00a0<b>Vondom<\/b><b>\u00a0<\/b>s&#8217;identifie par son c\u00f4t\u00e9 tr\u00e8s chic, ses lignes \u00e9pur\u00e9es et son allure futuriste.<\/p>\n","protected":false},"featured_media":1017,"template":"","meta":{"_acf_changed":false,"_et_pb_use_builder":"","_et_pb_old_content":"","_et_gb_content_width":"","_monsterinsights_skip_tracking":false,"_monsterinsights_sitenote_active":false,"_monsterinsights_sitenote_note":"","_monsterinsights_sitenote_category":0},"product_brand":[],"product_cat":[59,60],"product_tag":[105],"class_list":{"0":"post-1005","1":"product","2":"type-product","3":"status-publish","4":"has-post-thumbnail","6":"product_cat-assise","7":"product_cat-fauteuils","8":"product_tag-vondom","10":"first","11":"instock","12":"shipping-taxable","13":"purchasable","14":"product-type-variable"},"acf":[],"aioseo_notices":[],"_links":{"self":[{"href":"https:\/\/claireambiance.com\/en\/wp-json\/wp\/v2\/product\/1005","targetHints":{"allow":["GET"]}}],"collection":[{"href":"https:\/\/claireambiance.com\/en\/wp-json\/wp\/v2\/product"}],"about":[{"href":"https:\/\/claireambiance.com\/en\/wp-json\/wp\/v2\/types\/product"}],"wp:featuredmedia":[{"embeddable":true,"href":"https:\/\/claireambiance.com\/en\/wp-json\/wp\/v2\/media\/1017"}],"wp:attachment":[{"href":"https:\/\/claireambiance.com\/en\/wp-json\/wp\/v2\/media?parent=1005"}],"wp:term":[{"taxonomy":"product_brand","embeddable":true,"href":"https:\/\/claireambiance.com\/en\/wp-json\/wp\/v2\/product_brand?post=1005"},{"taxonomy":"product_cat","embeddable":true,"href":"https:\/\/claireambiance.com\/en\/wp-json\/wp\/v2\/product_cat?post=1005"},{"taxonomy":"product_tag","embeddable":true,"href":"https:\/\/claireambiance.com\/en\/wp-json\/wp\/v2\/product_tag?post=1005"}],"curies":[{"name":"wp","href":"https:\/\/api.w.org\/{rel}","templated":true}]}}