{"id":1063,"date":"2022-09-14T13:38:40","date_gmt":"2022-09-14T11:38:40","guid":{"rendered":"https:\/\/new.claireambiance.com\/?post_type=product&#038;p=1063"},"modified":"2023-02-10T15:40:49","modified_gmt":"2023-02-10T14:40:49","slug":"fauteuil-ufo","status":"publish","type":"product","link":"https:\/\/claireambiance.com\/en\/produit\/fauteuil-ufo\/","title":{"rendered":"FAUTEUIL OUTDOOR UFO"},"content":{"rendered":"","protected":false},"excerpt":{"rendered":"<p>Le Fauteuil Ufo\u00a0de chez\u00a0Vondom s&#8217;identifie par son design d\u00e9cal\u00e9 et ultra moderne qui apporte \u00e0 tout mobilier, une apparence hors du commun.<\/p>\n","protected":false},"featured_media":1087,"template":"","meta":{"_acf_changed":false,"_et_pb_use_builder":"","_et_pb_old_content":"","_et_gb_content_width":"","_monsterinsights_skip_tracking":false,"_monsterinsights_sitenote_active":false,"_monsterinsights_sitenote_note":"","_monsterinsights_sitenote_category":0},"product_brand":[],"product_cat":[59,60],"product_tag":[105],"class_list":{"0":"post-1063","1":"product","2":"type-product","3":"status-publish","4":"has-post-thumbnail","6":"product_cat-assise","7":"product_cat-fauteuils","8":"product_tag-vondom","10":"first","11":"instock","12":"shipping-taxable","13":"purchasable","14":"product-type-variable"},"acf":[],"aioseo_notices":[],"_links":{"self":[{"href":"https:\/\/claireambiance.com\/en\/wp-json\/wp\/v2\/product\/1063","targetHints":{"allow":["GET"]}}],"collection":[{"href":"https:\/\/claireambiance.com\/en\/wp-json\/wp\/v2\/product"}],"about":[{"href":"https:\/\/claireambiance.com\/en\/wp-json\/wp\/v2\/types\/product"}],"wp:featuredmedia":[{"embeddable":true,"href":"https:\/\/claireambiance.com\/en\/wp-json\/wp\/v2\/media\/1087"}],"wp:attachment":[{"href":"https:\/\/claireambiance.com\/en\/wp-json\/wp\/v2\/media?parent=1063"}],"wp:term":[{"taxonomy":"product_brand","embeddable":true,"href":"https:\/\/claireambiance.com\/en\/wp-json\/wp\/v2\/product_brand?post=1063"},{"taxonomy":"product_cat","embeddable":true,"href":"https:\/\/claireambiance.com\/en\/wp-json\/wp\/v2\/product_cat?post=1063"},{"taxonomy":"product_tag","embeddable":true,"href":"https:\/\/claireambiance.com\/en\/wp-json\/wp\/v2\/product_tag?post=1063"}],"curies":[{"name":"wp","href":"https:\/\/api.w.org\/{rel}","templated":true}]}}