{"id":1100,"date":"2022-09-14T13:38:45","date_gmt":"2022-09-14T11:38:45","guid":{"rendered":"https:\/\/new.claireambiance.com\/?post_type=product&#038;p=1100"},"modified":"2023-02-10T15:09:11","modified_gmt":"2023-02-10T14:09:11","slug":"fauteuil-roulette","status":"publish","type":"product","link":"https:\/\/claireambiance.com\/en\/produit\/fauteuil-roulette\/","title":{"rendered":"FAUTEUIL ROULETTE"},"content":{"rendered":"","protected":false},"excerpt":{"rendered":"<p>Le\u00a0Fauteuil Roulette\u00a0de chez\u00a0Vondom allie g\u00e9n\u00e9rosit\u00e9 et confort. Imagin\u00e9 par le designer\u00a0<i>Eero Aarnio<\/i>, ce\u00a0fauteuil\u00a0est un fauteuil \u00e0 bascule qui se balance et pivote dans toutes les directions gr\u00e2ce \u00e0 son point unique de contact avec le sol.<\/p>\n","protected":false},"featured_media":1124,"template":"","meta":{"_acf_changed":false,"_et_pb_use_builder":"","_et_pb_old_content":"","_et_gb_content_width":"","_monsterinsights_skip_tracking":false,"_monsterinsights_sitenote_active":false,"_monsterinsights_sitenote_note":"","_monsterinsights_sitenote_category":0},"product_brand":[],"product_cat":[59,60],"product_tag":[105],"class_list":{"0":"post-1100","1":"product","2":"type-product","3":"status-publish","4":"has-post-thumbnail","6":"product_cat-assise","7":"product_cat-fauteuils","8":"product_tag-vondom","10":"first","11":"instock","12":"shipping-taxable","13":"purchasable","14":"product-type-variable"},"acf":[],"aioseo_notices":[],"_links":{"self":[{"href":"https:\/\/claireambiance.com\/en\/wp-json\/wp\/v2\/product\/1100","targetHints":{"allow":["GET"]}}],"collection":[{"href":"https:\/\/claireambiance.com\/en\/wp-json\/wp\/v2\/product"}],"about":[{"href":"https:\/\/claireambiance.com\/en\/wp-json\/wp\/v2\/types\/product"}],"wp:featuredmedia":[{"embeddable":true,"href":"https:\/\/claireambiance.com\/en\/wp-json\/wp\/v2\/media\/1124"}],"wp:attachment":[{"href":"https:\/\/claireambiance.com\/en\/wp-json\/wp\/v2\/media?parent=1100"}],"wp:term":[{"taxonomy":"product_brand","embeddable":true,"href":"https:\/\/claireambiance.com\/en\/wp-json\/wp\/v2\/product_brand?post=1100"},{"taxonomy":"product_cat","embeddable":true,"href":"https:\/\/claireambiance.com\/en\/wp-json\/wp\/v2\/product_cat?post=1100"},{"taxonomy":"product_tag","embeddable":true,"href":"https:\/\/claireambiance.com\/en\/wp-json\/wp\/v2\/product_tag?post=1100"}],"curies":[{"name":"wp","href":"https:\/\/api.w.org\/{rel}","templated":true}]}}