{"id":11053,"date":"2023-02-27T17:24:00","date_gmt":"2023-02-27T16:24:00","guid":{"rendered":"https:\/\/new.claireambiance.com\/?post_type=product&#038;p=11053"},"modified":"2023-02-27T17:44:55","modified_gmt":"2023-02-27T16:44:55","slug":"baby-foot-millesime-outdoor","status":"publish","type":"product","link":"https:\/\/claireambiance.com\/en\/produit\/baby-foot-millesime-outdoor\/","title":{"rendered":"BABY-FOOT MILLESIME OUTDOOR"},"content":{"rendered":"","protected":false},"excerpt":{"rendered":"<p><strong>Le baby-foot\u00a0Stella\u00a0Champion Millesime Outdoor\u00a0<\/strong>va habiller votre terrasse ou votre jardin.\u00a0Une attention toute particuli\u00e8re est accord\u00e9 \u00e0\u00a0<strong>sa caisse<\/strong>\u00a0<strong>bi-mati\u00e8re\u00a0en HPL<\/strong>. Un mod\u00e8le r\u00e9sistant et solide, parfait pour l&#8217;ext\u00e9rieur, qu&#8217;il vente, qu&#8217;il pleuve ou qu&#8217;il neige.<\/p>\n","protected":false},"featured_media":11056,"template":"","meta":{"_acf_changed":false,"_et_pb_use_builder":"","_et_pb_old_content":"","_et_gb_content_width":"","_monsterinsights_skip_tracking":false,"_monsterinsights_sitenote_active":false,"_monsterinsights_sitenote_note":"","_monsterinsights_sitenote_category":0},"product_brand":[],"product_cat":[190,164],"product_tag":[558],"class_list":{"0":"post-11053","1":"product","2":"type-product","3":"status-publish","4":"has-post-thumbnail","6":"product_cat-accessoires-decorations","7":"product_cat-autres","8":"product_tag-stella","10":"first","11":"instock","12":"shipping-taxable","13":"purchasable","14":"product-type-simple"},"acf":[],"aioseo_notices":[],"_links":{"self":[{"href":"https:\/\/claireambiance.com\/en\/wp-json\/wp\/v2\/product\/11053","targetHints":{"allow":["GET"]}}],"collection":[{"href":"https:\/\/claireambiance.com\/en\/wp-json\/wp\/v2\/product"}],"about":[{"href":"https:\/\/claireambiance.com\/en\/wp-json\/wp\/v2\/types\/product"}],"wp:featuredmedia":[{"embeddable":true,"href":"https:\/\/claireambiance.com\/en\/wp-json\/wp\/v2\/media\/11056"}],"wp:attachment":[{"href":"https:\/\/claireambiance.com\/en\/wp-json\/wp\/v2\/media?parent=11053"}],"wp:term":[{"taxonomy":"product_brand","embeddable":true,"href":"https:\/\/claireambiance.com\/en\/wp-json\/wp\/v2\/product_brand?post=11053"},{"taxonomy":"product_cat","embeddable":true,"href":"https:\/\/claireambiance.com\/en\/wp-json\/wp\/v2\/product_cat?post=11053"},{"taxonomy":"product_tag","embeddable":true,"href":"https:\/\/claireambiance.com\/en\/wp-json\/wp\/v2\/product_tag?post=11053"}],"curies":[{"name":"wp","href":"https:\/\/api.w.org\/{rel}","templated":true}]}}