{"id":11072,"date":"2023-02-27T18:15:46","date_gmt":"2023-02-27T17:15:46","guid":{"rendered":"https:\/\/new.claireambiance.com\/?post_type=product&#038;p=11072"},"modified":"2023-02-27T18:31:37","modified_gmt":"2023-02-27T17:31:37","slug":"baby-foot-star-outdoor","status":"publish","type":"product","link":"https:\/\/claireambiance.com\/en\/produit\/baby-foot-star-outdoor\/","title":{"rendered":"BABY-FOOT STAR OUTDOOR"},"content":{"rendered":"","protected":false},"excerpt":{"rendered":"<p>Le Star outdoor sixties est un mod\u00e8le sans concession pour un usage ext\u00e9rieur, qui ne craint ni les intemp\u00e9ries ni le rayonnement solaire.<\/p>\n","protected":false},"featured_media":11073,"template":"","meta":{"_acf_changed":false,"_et_pb_use_builder":"","_et_pb_old_content":"","_et_gb_content_width":"","_monsterinsights_skip_tracking":false,"_monsterinsights_sitenote_active":false,"_monsterinsights_sitenote_note":"","_monsterinsights_sitenote_category":0},"product_brand":[],"product_cat":[190,164],"product_tag":[558],"class_list":{"0":"post-11072","1":"product","2":"type-product","3":"status-publish","4":"has-post-thumbnail","6":"product_cat-accessoires-decorations","7":"product_cat-autres","8":"product_tag-stella","10":"first","11":"instock","12":"shipping-taxable","13":"purchasable","14":"product-type-simple"},"acf":[],"aioseo_notices":[],"_links":{"self":[{"href":"https:\/\/claireambiance.com\/en\/wp-json\/wp\/v2\/product\/11072","targetHints":{"allow":["GET"]}}],"collection":[{"href":"https:\/\/claireambiance.com\/en\/wp-json\/wp\/v2\/product"}],"about":[{"href":"https:\/\/claireambiance.com\/en\/wp-json\/wp\/v2\/types\/product"}],"wp:featuredmedia":[{"embeddable":true,"href":"https:\/\/claireambiance.com\/en\/wp-json\/wp\/v2\/media\/11073"}],"wp:attachment":[{"href":"https:\/\/claireambiance.com\/en\/wp-json\/wp\/v2\/media?parent=11072"}],"wp:term":[{"taxonomy":"product_brand","embeddable":true,"href":"https:\/\/claireambiance.com\/en\/wp-json\/wp\/v2\/product_brand?post=11072"},{"taxonomy":"product_cat","embeddable":true,"href":"https:\/\/claireambiance.com\/en\/wp-json\/wp\/v2\/product_cat?post=11072"},{"taxonomy":"product_tag","embeddable":true,"href":"https:\/\/claireambiance.com\/en\/wp-json\/wp\/v2\/product_tag?post=11072"}],"curies":[{"name":"wp","href":"https:\/\/api.w.org\/{rel}","templated":true}]}}