{"id":1145,"date":"2022-09-14T13:38:50","date_gmt":"2022-09-14T11:38:50","guid":{"rendered":"https:\/\/new.claireambiance.com\/?post_type=product&#038;p=1145"},"modified":"2023-02-15T16:23:01","modified_gmt":"2023-02-15T15:23:01","slug":"umbrosa-icarus-parasol-deporte-410cm-portee","status":"publish","type":"product","link":"https:\/\/claireambiance.com\/en\/produit\/umbrosa-icarus-parasol-deporte-410cm-portee\/","title":{"rendered":"UMBROSA ICARUS &#8211; PARASOL D\u00c9PORT\u00c9"},"content":{"rendered":"","protected":false},"excerpt":{"rendered":"<p>Directement inspir\u00e9 par Dame Nature, l&#8217;Icarus offre une protection ressemblant beaucoup \u00e0 une feuille gigantesque.<\/p>\n","protected":false},"featured_media":1163,"template":"","meta":{"_acf_changed":false,"_et_pb_use_builder":"","_et_pb_old_content":"","_et_gb_content_width":"","_monsterinsights_skip_tracking":false,"_monsterinsights_sitenote_active":false,"_monsterinsights_sitenote_note":"","_monsterinsights_sitenote_category":0},"product_brand":[],"product_cat":[75],"product_tag":[214],"class_list":{"0":"post-1145","1":"product","2":"type-product","3":"status-publish","4":"has-post-thumbnail","6":"product_cat-parasol-voile-dombrage","7":"product_tag-umbrosa","9":"first","10":"instock","11":"shipping-taxable","12":"purchasable","13":"product-type-variable"},"acf":[],"aioseo_notices":[],"_links":{"self":[{"href":"https:\/\/claireambiance.com\/en\/wp-json\/wp\/v2\/product\/1145","targetHints":{"allow":["GET"]}}],"collection":[{"href":"https:\/\/claireambiance.com\/en\/wp-json\/wp\/v2\/product"}],"about":[{"href":"https:\/\/claireambiance.com\/en\/wp-json\/wp\/v2\/types\/product"}],"wp:featuredmedia":[{"embeddable":true,"href":"https:\/\/claireambiance.com\/en\/wp-json\/wp\/v2\/media\/1163"}],"wp:attachment":[{"href":"https:\/\/claireambiance.com\/en\/wp-json\/wp\/v2\/media?parent=1145"}],"wp:term":[{"taxonomy":"product_brand","embeddable":true,"href":"https:\/\/claireambiance.com\/en\/wp-json\/wp\/v2\/product_brand?post=1145"},{"taxonomy":"product_cat","embeddable":true,"href":"https:\/\/claireambiance.com\/en\/wp-json\/wp\/v2\/product_cat?post=1145"},{"taxonomy":"product_tag","embeddable":true,"href":"https:\/\/claireambiance.com\/en\/wp-json\/wp\/v2\/product_tag?post=1145"}],"curies":[{"name":"wp","href":"https:\/\/api.w.org\/{rel}","templated":true}]}}