{"id":1156,"date":"2022-09-14T13:38:50","date_gmt":"2022-09-14T11:38:50","guid":{"rendered":"https:\/\/new.claireambiance.com\/?post_type=product&#038;p=1156"},"modified":"2023-03-01T17:10:37","modified_gmt":"2023-03-01T16:10:37","slug":"umbrosa-spectra-square-straight-parasol-deporte-300x300cm-90","status":"publish","type":"product","link":"https:\/\/claireambiance.com\/en\/produit\/umbrosa-spectra-square-straight-parasol-deporte-300x300cm-90\/","title":{"rendered":"UMBROSA SPECTRA SQUARE"},"content":{"rendered":"","protected":false},"excerpt":{"rendered":"<p>Les plus belles terrasses sont \u00e9quip\u00e9es d&#8217;un parasol Umbrosa, avec le Spectra, votre terrasse deviendra l&#8217;endroit id\u00e9al pour vous relaxer. Ce parasol moderne est tr\u00e8s pratique \u00e0 utiliser et ultra r\u00e9sistant au vent et aux UV<\/p>\n","protected":false},"featured_media":11807,"template":"","meta":{"_acf_changed":false,"_et_pb_use_builder":"","_et_pb_old_content":"","_et_gb_content_width":"","_monsterinsights_skip_tracking":false,"_monsterinsights_sitenote_active":false,"_monsterinsights_sitenote_note":"","_monsterinsights_sitenote_category":0},"product_brand":[],"product_cat":[75],"product_tag":[214],"class_list":{"0":"post-1156","1":"product","2":"type-product","3":"status-publish","4":"has-post-thumbnail","6":"product_cat-parasol-voile-dombrage","7":"product_tag-umbrosa","9":"first","10":"instock","11":"shipping-taxable","12":"purchasable","13":"product-type-variable"},"acf":[],"aioseo_notices":[],"_links":{"self":[{"href":"https:\/\/claireambiance.com\/en\/wp-json\/wp\/v2\/product\/1156","targetHints":{"allow":["GET"]}}],"collection":[{"href":"https:\/\/claireambiance.com\/en\/wp-json\/wp\/v2\/product"}],"about":[{"href":"https:\/\/claireambiance.com\/en\/wp-json\/wp\/v2\/types\/product"}],"wp:featuredmedia":[{"embeddable":true,"href":"https:\/\/claireambiance.com\/en\/wp-json\/wp\/v2\/media\/11807"}],"wp:attachment":[{"href":"https:\/\/claireambiance.com\/en\/wp-json\/wp\/v2\/media?parent=1156"}],"wp:term":[{"taxonomy":"product_brand","embeddable":true,"href":"https:\/\/claireambiance.com\/en\/wp-json\/wp\/v2\/product_brand?post=1156"},{"taxonomy":"product_cat","embeddable":true,"href":"https:\/\/claireambiance.com\/en\/wp-json\/wp\/v2\/product_cat?post=1156"},{"taxonomy":"product_tag","embeddable":true,"href":"https:\/\/claireambiance.com\/en\/wp-json\/wp\/v2\/product_tag?post=1156"}],"curies":[{"name":"wp","href":"https:\/\/api.w.org\/{rel}","templated":true}]}}