{"id":11720,"date":"2023-03-01T00:23:19","date_gmt":"2023-02-28T23:23:19","guid":{"rendered":"https:\/\/new.claireambiance.com\/?post_type=product&#038;p=11720"},"modified":"2023-03-01T00:43:31","modified_gmt":"2023-02-28T23:43:31","slug":"parasol-flexo-deporte","status":"publish","type":"product","link":"https:\/\/claireambiance.com\/en\/produit\/parasol-flexo-deporte\/","title":{"rendered":"PARASOL FLEXO DEPORTE"},"content":{"rendered":"","protected":false},"excerpt":{"rendered":"<p>Gagnez de l&#8217;espace sur votre terrasse gr\u00e2ce au parasol FLEXO avec bras lat\u00e9ral. Il comprend \u00e9galement un syst\u00e8me r\u00e9sistant au vent et pivote \u00e0 360\u00ba.<\/p>\n","protected":false},"featured_media":11739,"template":"","meta":{"_acf_changed":false,"_et_pb_use_builder":"","_et_pb_old_content":"","_et_gb_content_width":"","_monsterinsights_skip_tracking":false,"_monsterinsights_sitenote_active":false,"_monsterinsights_sitenote_note":"","_monsterinsights_sitenote_category":0},"product_brand":[],"product_cat":[75],"product_tag":[817],"class_list":{"0":"post-11720","1":"product","2":"type-product","3":"status-publish","4":"has-post-thumbnail","6":"product_cat-parasol-voile-dombrage","7":"product_tag-ezpeleta","9":"first","10":"instock","11":"shipping-taxable","12":"purchasable","13":"product-type-variable"},"acf":[],"aioseo_notices":[],"_links":{"self":[{"href":"https:\/\/claireambiance.com\/en\/wp-json\/wp\/v2\/product\/11720","targetHints":{"allow":["GET"]}}],"collection":[{"href":"https:\/\/claireambiance.com\/en\/wp-json\/wp\/v2\/product"}],"about":[{"href":"https:\/\/claireambiance.com\/en\/wp-json\/wp\/v2\/types\/product"}],"wp:featuredmedia":[{"embeddable":true,"href":"https:\/\/claireambiance.com\/en\/wp-json\/wp\/v2\/media\/11739"}],"wp:attachment":[{"href":"https:\/\/claireambiance.com\/en\/wp-json\/wp\/v2\/media?parent=11720"}],"wp:term":[{"taxonomy":"product_brand","embeddable":true,"href":"https:\/\/claireambiance.com\/en\/wp-json\/wp\/v2\/product_brand?post=11720"},{"taxonomy":"product_cat","embeddable":true,"href":"https:\/\/claireambiance.com\/en\/wp-json\/wp\/v2\/product_cat?post=11720"},{"taxonomy":"product_tag","embeddable":true,"href":"https:\/\/claireambiance.com\/en\/wp-json\/wp\/v2\/product_tag?post=11720"}],"curies":[{"name":"wp","href":"https:\/\/api.w.org\/{rel}","templated":true}]}}