{"id":1179,"date":"2022-09-14T13:38:56","date_gmt":"2022-09-14T11:38:56","guid":{"rendered":"https:\/\/new.claireambiance.com\/?post_type=product&#038;p=1179"},"modified":"2023-03-01T18:03:13","modified_gmt":"2023-03-01T17:03:13","slug":"umbrosa-infina-parasol-carre-250x250cm-ou-300x300cm","status":"publish","type":"product","link":"https:\/\/claireambiance.com\/en\/produit\/umbrosa-infina-parasol-carre-250x250cm-ou-300x300cm\/","title":{"rendered":"UMBROSA INFINA &#8211; PARASOL CARR\u00c9"},"content":{"rendered":"","protected":false},"excerpt":{"rendered":"<p>L&#8217;Infina est aussi beau que agr\u00e9able d&#8217;emploi. Ce parasol droit est facile \u00e0 ouvrir gr\u00e2ce au syst\u00e8me de cordes qui peut \u00e9galement \u00eatre masqu\u00e9.<\/p>\n","protected":false},"featured_media":1202,"template":"","meta":{"_acf_changed":false,"_et_pb_use_builder":"","_et_pb_old_content":"","_et_gb_content_width":"","_monsterinsights_skip_tracking":false,"_monsterinsights_sitenote_active":false,"_monsterinsights_sitenote_note":"","_monsterinsights_sitenote_category":0},"product_brand":[],"product_cat":[75],"product_tag":[214],"class_list":{"0":"post-1179","1":"product","2":"type-product","3":"status-publish","4":"has-post-thumbnail","6":"product_cat-parasol-voile-dombrage","7":"product_tag-umbrosa","9":"first","10":"instock","11":"shipping-taxable","12":"purchasable","13":"product-type-variable"},"acf":[],"aioseo_notices":[],"_links":{"self":[{"href":"https:\/\/claireambiance.com\/en\/wp-json\/wp\/v2\/product\/1179","targetHints":{"allow":["GET"]}}],"collection":[{"href":"https:\/\/claireambiance.com\/en\/wp-json\/wp\/v2\/product"}],"about":[{"href":"https:\/\/claireambiance.com\/en\/wp-json\/wp\/v2\/types\/product"}],"wp:featuredmedia":[{"embeddable":true,"href":"https:\/\/claireambiance.com\/en\/wp-json\/wp\/v2\/media\/1202"}],"wp:attachment":[{"href":"https:\/\/claireambiance.com\/en\/wp-json\/wp\/v2\/media?parent=1179"}],"wp:term":[{"taxonomy":"product_brand","embeddable":true,"href":"https:\/\/claireambiance.com\/en\/wp-json\/wp\/v2\/product_brand?post=1179"},{"taxonomy":"product_cat","embeddable":true,"href":"https:\/\/claireambiance.com\/en\/wp-json\/wp\/v2\/product_cat?post=1179"},{"taxonomy":"product_tag","embeddable":true,"href":"https:\/\/claireambiance.com\/en\/wp-json\/wp\/v2\/product_tag?post=1179"}],"curies":[{"name":"wp","href":"https:\/\/api.w.org\/{rel}","templated":true}]}}