{"id":11811,"date":"2023-03-01T17:16:15","date_gmt":"2023-03-01T16:16:15","guid":{"rendered":"https:\/\/new.claireambiance.com\/?post_type=product&#038;p=11811"},"modified":"2023-03-01T18:57:06","modified_gmt":"2023-03-01T17:57:06","slug":"umbrosa-versa-ux","status":"publish","type":"product","link":"https:\/\/claireambiance.com\/en\/produit\/umbrosa-versa-ux\/","title":{"rendered":"UMBROSA VERSA UX"},"content":{"rendered":"","protected":false},"excerpt":{"rendered":"<p>D\u00e9couvrez la collection UX d\u2019Umbrosa: une belle combinaison de couleurs, de tissus et de mat\u00e9riaux, associ\u00e9e \u00e0 une facilit\u00e9 d\u2019utilisation et une ergonomie optimales. Ils s\u2019inspirent de l\u2019architecture pure et raffin\u00e9e, de la vivacit\u00e9 et de l\u2019impr\u00e9visibilit\u00e9 de la nature, ainsi que la chaleur et de la douceur de la culture m\u00e9diterran\u00e9enne.<\/p>\n","protected":false},"featured_media":11816,"template":"","meta":{"_acf_changed":false,"_et_pb_use_builder":"","_et_pb_old_content":"","_et_gb_content_width":"","_monsterinsights_skip_tracking":false,"_monsterinsights_sitenote_active":false,"_monsterinsights_sitenote_note":"","_monsterinsights_sitenote_category":0},"product_brand":[],"product_cat":[75],"product_tag":[214],"class_list":{"0":"post-11811","1":"product","2":"type-product","3":"status-publish","4":"has-post-thumbnail","6":"product_cat-parasol-voile-dombrage","7":"product_tag-umbrosa","9":"first","10":"instock","11":"shipping-taxable","12":"purchasable","13":"product-type-variable"},"acf":[],"aioseo_notices":[],"_links":{"self":[{"href":"https:\/\/claireambiance.com\/en\/wp-json\/wp\/v2\/product\/11811","targetHints":{"allow":["GET"]}}],"collection":[{"href":"https:\/\/claireambiance.com\/en\/wp-json\/wp\/v2\/product"}],"about":[{"href":"https:\/\/claireambiance.com\/en\/wp-json\/wp\/v2\/types\/product"}],"wp:featuredmedia":[{"embeddable":true,"href":"https:\/\/claireambiance.com\/en\/wp-json\/wp\/v2\/media\/11816"}],"wp:attachment":[{"href":"https:\/\/claireambiance.com\/en\/wp-json\/wp\/v2\/media?parent=11811"}],"wp:term":[{"taxonomy":"product_brand","embeddable":true,"href":"https:\/\/claireambiance.com\/en\/wp-json\/wp\/v2\/product_brand?post=11811"},{"taxonomy":"product_cat","embeddable":true,"href":"https:\/\/claireambiance.com\/en\/wp-json\/wp\/v2\/product_cat?post=11811"},{"taxonomy":"product_tag","embeddable":true,"href":"https:\/\/claireambiance.com\/en\/wp-json\/wp\/v2\/product_tag?post=11811"}],"curies":[{"name":"wp","href":"https:\/\/api.w.org\/{rel}","templated":true}]}}