{"id":12053,"date":"2023-03-01T21:07:31","date_gmt":"2023-03-01T20:07:31","guid":{"rendered":"https:\/\/new.claireambiance.com\/?post_type=product&#038;p=12053"},"modified":"2023-04-05T11:08:39","modified_gmt":"2023-04-05T09:08:39","slug":"pot-stone","status":"publish","type":"product","link":"https:\/\/claireambiance.com\/en\/product\/pot-stone\/","title":{"rendered":"POT STONE"},"content":{"rendered":"","protected":false},"excerpt":{"rendered":"<p>Le pot Stone se d\u00e9marque par son design unique et sa forme insolite. Cette cr\u00e9ation r\u00e9alis\u00e9e par Stefano Giovannoni pour Vondom symbolise l&#8217;\u00e9l\u00e9gance et la douceur f\u00e9minine.<\/p>\n","protected":false},"featured_media":12129,"template":"","meta":{"_acf_changed":false,"_et_pb_use_builder":"","_et_pb_old_content":"","_et_gb_content_width":"","_monsterinsights_skip_tracking":false,"_monsterinsights_sitenote_active":false,"_monsterinsights_sitenote_note":"","_monsterinsights_sitenote_category":0},"product_brand":[],"product_cat":[234,243],"product_tag":[387],"class_list":{"0":"post-12053","1":"product","2":"type-product","3":"status-publish","4":"has-post-thumbnail","6":"product_cat-decor","7":"product_cat-planters-pottery","8":"product_tag-vondom-en","10":"first","11":"instock","12":"shipping-taxable","13":"purchasable","14":"product-type-variable"},"acf":[],"aioseo_notices":[],"_links":{"self":[{"href":"https:\/\/claireambiance.com\/en\/wp-json\/wp\/v2\/product\/12053","targetHints":{"allow":["GET"]}}],"collection":[{"href":"https:\/\/claireambiance.com\/en\/wp-json\/wp\/v2\/product"}],"about":[{"href":"https:\/\/claireambiance.com\/en\/wp-json\/wp\/v2\/types\/product"}],"wp:featuredmedia":[{"embeddable":true,"href":"https:\/\/claireambiance.com\/en\/wp-json\/wp\/v2\/media\/12129"}],"wp:attachment":[{"href":"https:\/\/claireambiance.com\/en\/wp-json\/wp\/v2\/media?parent=12053"}],"wp:term":[{"taxonomy":"product_brand","embeddable":true,"href":"https:\/\/claireambiance.com\/en\/wp-json\/wp\/v2\/product_brand?post=12053"},{"taxonomy":"product_cat","embeddable":true,"href":"https:\/\/claireambiance.com\/en\/wp-json\/wp\/v2\/product_cat?post=12053"},{"taxonomy":"product_tag","embeddable":true,"href":"https:\/\/claireambiance.com\/en\/wp-json\/wp\/v2\/product_tag?post=12053"}],"curies":[{"name":"wp","href":"https:\/\/api.w.org\/{rel}","templated":true}]}}