{"id":12356,"date":"2023-03-02T00:32:45","date_gmt":"2023-03-01T23:32:45","guid":{"rendered":"https:\/\/new.claireambiance.com\/?post_type=product&#038;p=12356"},"modified":"2023-03-02T02:17:29","modified_gmt":"2023-03-02T01:17:29","slug":"ninix-by-royal-botania","status":"publish","type":"product","link":"https:\/\/claireambiance.com\/en\/produit\/ninix-by-royal-botania\/","title":{"rendered":"NINIX BY ROYAL BOTANIA"},"content":{"rendered":"","protected":false},"excerpt":{"rendered":"<p>Le bain de soleil ninix 195 textile batyline est tr\u00e8s \u00e9l\u00e9gant et dispose d&#8217;un dossier r\u00e9glable. il se r\u00e8gle facilement en position allong\u00e9e ou assise et permet de passer des moments de d\u00e9tente agr\u00e9ables au jardin ou sur la terrasse. <\/p>\n","protected":false},"featured_media":12360,"template":"","meta":{"_acf_changed":false,"_et_pb_use_builder":"","_et_pb_old_content":"","_et_gb_content_width":"","_monsterinsights_skip_tracking":false,"_monsterinsights_sitenote_active":false,"_monsterinsights_sitenote_note":"","_monsterinsights_sitenote_category":0},"product_brand":[],"product_cat":[88],"product_tag":[200],"class_list":{"0":"post-12356","1":"product","2":"type-product","3":"status-publish","4":"has-post-thumbnail","6":"product_cat-daybed-bain-de-soleil","7":"product_tag-royal-botania","9":"first","10":"instock","11":"shipping-taxable","12":"purchasable","13":"product-type-variable"},"acf":[],"aioseo_notices":[],"_links":{"self":[{"href":"https:\/\/claireambiance.com\/en\/wp-json\/wp\/v2\/product\/12356","targetHints":{"allow":["GET"]}}],"collection":[{"href":"https:\/\/claireambiance.com\/en\/wp-json\/wp\/v2\/product"}],"about":[{"href":"https:\/\/claireambiance.com\/en\/wp-json\/wp\/v2\/types\/product"}],"wp:featuredmedia":[{"embeddable":true,"href":"https:\/\/claireambiance.com\/en\/wp-json\/wp\/v2\/media\/12360"}],"wp:attachment":[{"href":"https:\/\/claireambiance.com\/en\/wp-json\/wp\/v2\/media?parent=12356"}],"wp:term":[{"taxonomy":"product_brand","embeddable":true,"href":"https:\/\/claireambiance.com\/en\/wp-json\/wp\/v2\/product_brand?post=12356"},{"taxonomy":"product_cat","embeddable":true,"href":"https:\/\/claireambiance.com\/en\/wp-json\/wp\/v2\/product_cat?post=12356"},{"taxonomy":"product_tag","embeddable":true,"href":"https:\/\/claireambiance.com\/en\/wp-json\/wp\/v2\/product_tag?post=12356"}],"curies":[{"name":"wp","href":"https:\/\/api.w.org\/{rel}","templated":true}]}}