{"id":1279,"date":"2022-09-14T13:39:07","date_gmt":"2022-09-14T11:39:07","guid":{"rendered":"https:\/\/new.claireambiance.com\/?post_type=product&#038;p=1279"},"modified":"2023-03-02T00:20:17","modified_gmt":"2023-03-01T23:20:17","slug":"bain-de-soleil-low-lita","status":"publish","type":"product","link":"https:\/\/claireambiance.com\/en\/produit\/bain-de-soleil-low-lita\/","title":{"rendered":"BAIN DE SOLEIL LOW LITA"},"content":{"rendered":"","protected":false},"excerpt":{"rendered":"<p>Low Lita Lounge est une chaise longue qui appartient \u00e0 la collection Low Lita, cr\u00e9\u00e9e par la c\u00e9l\u00e8bre designer italienne Paola Navone.<\/p>\n","protected":false},"featured_media":1283,"template":"","meta":{"_acf_changed":false,"_et_pb_use_builder":"","_et_pb_old_content":"","_et_gb_content_width":"","_monsterinsights_skip_tracking":false,"_monsterinsights_sitenote_active":false,"_monsterinsights_sitenote_note":"","_monsterinsights_sitenote_category":0},"product_brand":[],"product_cat":[88],"product_tag":[208],"class_list":{"0":"post-1279","1":"product","2":"type-product","3":"status-publish","4":"has-post-thumbnail","6":"product_cat-daybed-bain-de-soleil","7":"product_tag-slide-studio","9":"first","10":"instock","11":"shipping-taxable","12":"purchasable","13":"product-type-variable"},"acf":[],"aioseo_notices":[],"_links":{"self":[{"href":"https:\/\/claireambiance.com\/en\/wp-json\/wp\/v2\/product\/1279","targetHints":{"allow":["GET"]}}],"collection":[{"href":"https:\/\/claireambiance.com\/en\/wp-json\/wp\/v2\/product"}],"about":[{"href":"https:\/\/claireambiance.com\/en\/wp-json\/wp\/v2\/types\/product"}],"wp:featuredmedia":[{"embeddable":true,"href":"https:\/\/claireambiance.com\/en\/wp-json\/wp\/v2\/media\/1283"}],"wp:attachment":[{"href":"https:\/\/claireambiance.com\/en\/wp-json\/wp\/v2\/media?parent=1279"}],"wp:term":[{"taxonomy":"product_brand","embeddable":true,"href":"https:\/\/claireambiance.com\/en\/wp-json\/wp\/v2\/product_brand?post=1279"},{"taxonomy":"product_cat","embeddable":true,"href":"https:\/\/claireambiance.com\/en\/wp-json\/wp\/v2\/product_cat?post=1279"},{"taxonomy":"product_tag","embeddable":true,"href":"https:\/\/claireambiance.com\/en\/wp-json\/wp\/v2\/product_tag?post=1279"}],"curies":[{"name":"wp","href":"https:\/\/api.w.org\/{rel}","templated":true}]}}