{"id":1320,"date":"2022-09-14T13:39:17","date_gmt":"2022-09-14T11:39:17","guid":{"rendered":"https:\/\/new.claireambiance.com\/?post_type=product&#038;p=1320"},"modified":"2023-02-10T20:13:00","modified_gmt":"2023-02-10T19:13:00","slug":"daybed-ulm-avec-ou-sans-ombrelle-version-inclinee","status":"publish","type":"product","link":"https:\/\/claireambiance.com\/en\/produit\/daybed-ulm-avec-ou-sans-ombrelle-version-inclinee\/","title":{"rendered":"DAYBED ULM  INCLIN\u00c9 AVEC OU SANS OMBRELLE"},"content":{"rendered":"","protected":false},"excerpt":{"rendered":"<p>Le Daybed Ulm en version inclin\u00e9e avec Parasol de chez\u00a0Vondom a \u00e9t\u00e9 con\u00e7u pour vous apporter un confort optimal.<\/p>\n","protected":false},"featured_media":1350,"template":"","meta":{"_acf_changed":false,"_et_pb_use_builder":"","_et_pb_old_content":"","_et_gb_content_width":"","_monsterinsights_skip_tracking":false,"_monsterinsights_sitenote_active":false,"_monsterinsights_sitenote_note":"","_monsterinsights_sitenote_category":0},"product_brand":[],"product_cat":[88],"product_tag":[105],"class_list":{"0":"post-1320","1":"product","2":"type-product","3":"status-publish","4":"has-post-thumbnail","6":"product_cat-daybed-bain-de-soleil","7":"product_tag-vondom","9":"first","10":"instock","11":"shipping-taxable","12":"purchasable","13":"product-type-variable"},"acf":[],"aioseo_notices":[],"_links":{"self":[{"href":"https:\/\/claireambiance.com\/en\/wp-json\/wp\/v2\/product\/1320","targetHints":{"allow":["GET"]}}],"collection":[{"href":"https:\/\/claireambiance.com\/en\/wp-json\/wp\/v2\/product"}],"about":[{"href":"https:\/\/claireambiance.com\/en\/wp-json\/wp\/v2\/types\/product"}],"wp:featuredmedia":[{"embeddable":true,"href":"https:\/\/claireambiance.com\/en\/wp-json\/wp\/v2\/media\/1350"}],"wp:attachment":[{"href":"https:\/\/claireambiance.com\/en\/wp-json\/wp\/v2\/media?parent=1320"}],"wp:term":[{"taxonomy":"product_brand","embeddable":true,"href":"https:\/\/claireambiance.com\/en\/wp-json\/wp\/v2\/product_brand?post=1320"},{"taxonomy":"product_cat","embeddable":true,"href":"https:\/\/claireambiance.com\/en\/wp-json\/wp\/v2\/product_cat?post=1320"},{"taxonomy":"product_tag","embeddable":true,"href":"https:\/\/claireambiance.com\/en\/wp-json\/wp\/v2\/product_tag?post=1320"}],"curies":[{"name":"wp","href":"https:\/\/api.w.org\/{rel}","templated":true}]}}