{"id":1358,"date":"2022-09-14T13:39:22","date_gmt":"2022-09-14T11:39:22","guid":{"rendered":"https:\/\/new.claireambiance.com\/?post_type=product&#038;p=1358"},"modified":"2023-03-02T00:22:14","modified_gmt":"2023-03-01T23:22:14","slug":"daybed-avec-ou-sans-ombrelle","status":"publish","type":"product","link":"https:\/\/claireambiance.com\/en\/produit\/daybed-avec-ou-sans-ombrelle\/","title":{"rendered":"DAYBED ULM AVEC OU SANS OMBRELLE"},"content":{"rendered":"","protected":false},"excerpt":{"rendered":"<p>Ce Daybed avec Parasol a \u00e9t\u00e9 con\u00e7u pour vous apporter un confort optimal.<\/p>\n","protected":false},"featured_media":1388,"template":"","meta":{"_acf_changed":false,"_et_pb_use_builder":"","_et_pb_old_content":"","_et_gb_content_width":"","_monsterinsights_skip_tracking":false,"_monsterinsights_sitenote_active":false,"_monsterinsights_sitenote_note":"","_monsterinsights_sitenote_category":0},"product_brand":[],"product_cat":[88],"product_tag":[105],"class_list":{"0":"post-1358","1":"product","2":"type-product","3":"status-publish","4":"has-post-thumbnail","6":"product_cat-daybed-bain-de-soleil","7":"product_tag-vondom","9":"first","10":"instock","11":"shipping-taxable","12":"purchasable","13":"product-type-variable"},"acf":[],"aioseo_notices":[],"_links":{"self":[{"href":"https:\/\/claireambiance.com\/en\/wp-json\/wp\/v2\/product\/1358","targetHints":{"allow":["GET"]}}],"collection":[{"href":"https:\/\/claireambiance.com\/en\/wp-json\/wp\/v2\/product"}],"about":[{"href":"https:\/\/claireambiance.com\/en\/wp-json\/wp\/v2\/types\/product"}],"wp:featuredmedia":[{"embeddable":true,"href":"https:\/\/claireambiance.com\/en\/wp-json\/wp\/v2\/media\/1388"}],"wp:attachment":[{"href":"https:\/\/claireambiance.com\/en\/wp-json\/wp\/v2\/media?parent=1358"}],"wp:term":[{"taxonomy":"product_brand","embeddable":true,"href":"https:\/\/claireambiance.com\/en\/wp-json\/wp\/v2\/product_brand?post=1358"},{"taxonomy":"product_cat","embeddable":true,"href":"https:\/\/claireambiance.com\/en\/wp-json\/wp\/v2\/product_cat?post=1358"},{"taxonomy":"product_tag","embeddable":true,"href":"https:\/\/claireambiance.com\/en\/wp-json\/wp\/v2\/product_tag?post=1358"}],"curies":[{"name":"wp","href":"https:\/\/api.w.org\/{rel}","templated":true}]}}