{"id":13674,"date":"2023-03-08T00:58:20","date_gmt":"2023-03-07T23:58:20","guid":{"rendered":"https:\/\/new.claireambiance.com\/?post_type=product&#038;p=13674"},"modified":"2023-03-09T16:19:00","modified_gmt":"2023-03-09T15:19:00","slug":"lampe-fishman-outdoor","status":"publish","type":"product","link":"https:\/\/claireambiance.com\/en\/produit\/lampe-fishman-outdoor\/","title":{"rendered":"LAMPE FISHMAN OUTDOOR"},"content":{"rendered":"","protected":false},"excerpt":{"rendered":"<p>Cette lampe \u00e9l\u00e9gante outdoor avec des lignes simples, c&#8217;est un accessoire parfait pour \u00e9clairer vos fins de journ\u00e9es et vous accompagner dans vos moments conviviales (d\u00eeners, ap\u00e9ritifs) entre amis ou en famille.<\/p>\n","protected":false},"featured_media":13677,"template":"","meta":{"_acf_changed":false,"_et_pb_use_builder":"","_et_pb_old_content":"","_et_gb_content_width":"","_monsterinsights_skip_tracking":false,"_monsterinsights_sitenote_active":false,"_monsterinsights_sitenote_note":"","_monsterinsights_sitenote_category":0},"product_brand":[],"product_cat":[206,140],"product_tag":[58],"class_list":{"0":"post-13674","1":"product","2":"type-product","3":"status-publish","4":"has-post-thumbnail","6":"product_cat-lampadaires","7":"product_cat-luminaires","8":"product_tag-sifas","10":"first","11":"instock","12":"shipping-taxable","13":"purchasable","14":"product-type-variable"},"acf":[],"aioseo_notices":[],"_links":{"self":[{"href":"https:\/\/claireambiance.com\/en\/wp-json\/wp\/v2\/product\/13674","targetHints":{"allow":["GET"]}}],"collection":[{"href":"https:\/\/claireambiance.com\/en\/wp-json\/wp\/v2\/product"}],"about":[{"href":"https:\/\/claireambiance.com\/en\/wp-json\/wp\/v2\/types\/product"}],"wp:featuredmedia":[{"embeddable":true,"href":"https:\/\/claireambiance.com\/en\/wp-json\/wp\/v2\/media\/13677"}],"wp:attachment":[{"href":"https:\/\/claireambiance.com\/en\/wp-json\/wp\/v2\/media?parent=13674"}],"wp:term":[{"taxonomy":"product_brand","embeddable":true,"href":"https:\/\/claireambiance.com\/en\/wp-json\/wp\/v2\/product_brand?post=13674"},{"taxonomy":"product_cat","embeddable":true,"href":"https:\/\/claireambiance.com\/en\/wp-json\/wp\/v2\/product_cat?post=13674"},{"taxonomy":"product_tag","embeddable":true,"href":"https:\/\/claireambiance.com\/en\/wp-json\/wp\/v2\/product_tag?post=13674"}],"curies":[{"name":"wp","href":"https:\/\/api.w.org\/{rel}","templated":true}]}}