{"id":13744,"date":"2023-03-15T16:05:50","date_gmt":"2023-03-15T15:05:50","guid":{"rendered":"https:\/\/new.claireambiance.com\/?post_type=product&#038;p=13744"},"modified":"2023-03-15T16:20:06","modified_gmt":"2023-03-15T15:20:06","slug":"moby-dick-in-outdoor","status":"publish","type":"product","link":"https:\/\/claireambiance.com\/en\/produit\/moby-dick-in-outdoor\/","title":{"rendered":"MOBY DICK  IN-OUTDOOR"},"content":{"rendered":"","protected":false},"excerpt":{"rendered":"<p>La suspension Moby dick de Karman, cr\u00e9\u00e9e par le designer et directeur artistique de la marque Matteo Ugolini. Faite de fibre de verre avec ext\u00e9rieur lisse et int\u00e9rieur rugueux, ce luminaire disponible en deux tailles est apte pour l&#8217;ext\u00e9rieur.<\/p>\n","protected":false},"featured_media":13749,"template":"","meta":{"_acf_changed":false,"_et_pb_use_builder":"","_et_pb_old_content":"","_et_gb_content_width":"","_monsterinsights_skip_tracking":false,"_monsterinsights_sitenote_active":false,"_monsterinsights_sitenote_note":"","_monsterinsights_sitenote_category":0},"product_brand":[],"product_cat":[140,24],"product_tag":[924],"class_list":{"0":"post-13744","1":"product","2":"type-product","3":"status-publish","4":"has-post-thumbnail","6":"product_cat-luminaires","7":"product_cat-suspensions","8":"product_tag-karman","10":"first","11":"instock","12":"shipping-taxable","13":"purchasable","14":"product-type-variable"},"acf":[],"aioseo_notices":[],"_links":{"self":[{"href":"https:\/\/claireambiance.com\/en\/wp-json\/wp\/v2\/product\/13744","targetHints":{"allow":["GET"]}}],"collection":[{"href":"https:\/\/claireambiance.com\/en\/wp-json\/wp\/v2\/product"}],"about":[{"href":"https:\/\/claireambiance.com\/en\/wp-json\/wp\/v2\/types\/product"}],"wp:featuredmedia":[{"embeddable":true,"href":"https:\/\/claireambiance.com\/en\/wp-json\/wp\/v2\/media\/13749"}],"wp:attachment":[{"href":"https:\/\/claireambiance.com\/en\/wp-json\/wp\/v2\/media?parent=13744"}],"wp:term":[{"taxonomy":"product_brand","embeddable":true,"href":"https:\/\/claireambiance.com\/en\/wp-json\/wp\/v2\/product_brand?post=13744"},{"taxonomy":"product_cat","embeddable":true,"href":"https:\/\/claireambiance.com\/en\/wp-json\/wp\/v2\/product_cat?post=13744"},{"taxonomy":"product_tag","embeddable":true,"href":"https:\/\/claireambiance.com\/en\/wp-json\/wp\/v2\/product_tag?post=13744"}],"curies":[{"name":"wp","href":"https:\/\/api.w.org\/{rel}","templated":true}]}}