{"id":1417,"date":"2022-09-14T13:39:30","date_gmt":"2022-09-14T11:39:30","guid":{"rendered":"https:\/\/new.claireambiance.com\/?post_type=product&#038;p=1417"},"modified":"2023-02-09T21:33:36","modified_gmt":"2023-02-09T20:33:36","slug":"chaise-gliss-904-by-pedrali","status":"publish","type":"product","link":"https:\/\/claireambiance.com\/en\/produit\/chaise-gliss-904-by-pedrali\/","title":{"rendered":"CHAISE GLISS 904"},"content":{"rendered":"","protected":false},"excerpt":{"rendered":"<p>La chaise Gliss Wood est d\u00e9di\u00e9e \u00e0 tous ceux qui veulent se d\u00e9tendre sans renoncer \u00e0 la fonctionnalit\u00e9 et \u00e0 l\u2019\u00e9l\u00e9gance.<\/p>\n","protected":false},"featured_media":1438,"template":"","meta":{"_acf_changed":false,"_et_pb_use_builder":"","_et_pb_old_content":"","_et_gb_content_width":"","_monsterinsights_skip_tracking":false,"_monsterinsights_sitenote_active":false,"_monsterinsights_sitenote_note":"","_monsterinsights_sitenote_category":0},"product_brand":[],"product_cat":[59,62],"product_tag":[211],"class_list":{"0":"post-1417","1":"product","2":"type-product","3":"status-publish","4":"has-post-thumbnail","6":"product_cat-assise","7":"product_cat-chaises","8":"product_tag-pedrali","10":"first","11":"instock","12":"shipping-taxable","13":"purchasable","14":"product-type-variable"},"acf":[],"aioseo_notices":[],"_links":{"self":[{"href":"https:\/\/claireambiance.com\/en\/wp-json\/wp\/v2\/product\/1417","targetHints":{"allow":["GET"]}}],"collection":[{"href":"https:\/\/claireambiance.com\/en\/wp-json\/wp\/v2\/product"}],"about":[{"href":"https:\/\/claireambiance.com\/en\/wp-json\/wp\/v2\/types\/product"}],"wp:featuredmedia":[{"embeddable":true,"href":"https:\/\/claireambiance.com\/en\/wp-json\/wp\/v2\/media\/1438"}],"wp:attachment":[{"href":"https:\/\/claireambiance.com\/en\/wp-json\/wp\/v2\/media?parent=1417"}],"wp:term":[{"taxonomy":"product_brand","embeddable":true,"href":"https:\/\/claireambiance.com\/en\/wp-json\/wp\/v2\/product_brand?post=1417"},{"taxonomy":"product_cat","embeddable":true,"href":"https:\/\/claireambiance.com\/en\/wp-json\/wp\/v2\/product_cat?post=1417"},{"taxonomy":"product_tag","embeddable":true,"href":"https:\/\/claireambiance.com\/en\/wp-json\/wp\/v2\/product_tag?post=1417"}],"curies":[{"name":"wp","href":"https:\/\/api.w.org\/{rel}","templated":true}]}}