{"id":1420,"date":"2022-09-14T13:39:30","date_gmt":"2022-09-14T11:39:30","guid":{"rendered":"https:\/\/new.claireambiance.com\/?post_type=product&#038;p=1420"},"modified":"2023-02-09T21:19:25","modified_gmt":"2023-02-09T20:19:25","slug":"chaise-milano-sans-accoudoirs","status":"publish","type":"product","link":"https:\/\/claireambiance.com\/en\/produit\/chaise-milano-sans-accoudoirs\/","title":{"rendered":"CHAISE MILANO SANS ACCOUDOIRS"},"content":{"rendered":"","protected":false},"excerpt":{"rendered":"<p>Cette chaise est pleine de charme\u00a0 et sa technologie au-del\u00e0 des conventions. Elle saura compl\u00e9ter vos tables design en toute l\u00e9g\u00e8ret\u00e9.<\/p>\n","protected":false},"featured_media":1440,"template":"","meta":{"_acf_changed":false,"_et_pb_use_builder":"","_et_pb_old_content":"","_et_gb_content_width":"","_monsterinsights_skip_tracking":false,"_monsterinsights_sitenote_active":false,"_monsterinsights_sitenote_note":"","_monsterinsights_sitenote_category":0},"product_brand":[],"product_cat":[59,62],"product_tag":[212],"class_list":{"0":"post-1420","1":"product","2":"type-product","3":"status-publish","4":"has-post-thumbnail","6":"product_cat-assise","7":"product_cat-chaises","8":"product_tag-green","10":"first","11":"instock","12":"shipping-taxable","13":"purchasable","14":"product-type-variable"},"acf":[],"aioseo_notices":[],"_links":{"self":[{"href":"https:\/\/claireambiance.com\/en\/wp-json\/wp\/v2\/product\/1420","targetHints":{"allow":["GET"]}}],"collection":[{"href":"https:\/\/claireambiance.com\/en\/wp-json\/wp\/v2\/product"}],"about":[{"href":"https:\/\/claireambiance.com\/en\/wp-json\/wp\/v2\/types\/product"}],"wp:featuredmedia":[{"embeddable":true,"href":"https:\/\/claireambiance.com\/en\/wp-json\/wp\/v2\/media\/1440"}],"wp:attachment":[{"href":"https:\/\/claireambiance.com\/en\/wp-json\/wp\/v2\/media?parent=1420"}],"wp:term":[{"taxonomy":"product_brand","embeddable":true,"href":"https:\/\/claireambiance.com\/en\/wp-json\/wp\/v2\/product_brand?post=1420"},{"taxonomy":"product_cat","embeddable":true,"href":"https:\/\/claireambiance.com\/en\/wp-json\/wp\/v2\/product_cat?post=1420"},{"taxonomy":"product_tag","embeddable":true,"href":"https:\/\/claireambiance.com\/en\/wp-json\/wp\/v2\/product_tag?post=1420"}],"curies":[{"name":"wp","href":"https:\/\/api.w.org\/{rel}","templated":true}]}}