{"id":1538,"date":"2022-09-14T13:39:50","date_gmt":"2022-09-14T11:39:50","guid":{"rendered":"https:\/\/new.claireambiance.com\/?post_type=product&#038;p=1538"},"modified":"2022-12-14T23:16:31","modified_gmt":"2022-12-14T22:16:31","slug":"tabouret-volt","status":"publish","type":"product","link":"https:\/\/claireambiance.com\/en\/produit\/tabouret-volt\/","title":{"rendered":"TABOURET VOLT"},"content":{"rendered":"","protected":false},"excerpt":{"rendered":"<p>Le tabouret Volt, caract\u00e9ris\u00e9 par des volumes purs et des lignes nettes, maintient une attention au d\u00e9tail constante ainsi que la m\u00eame technologie de production qui identifie la collection homonyme.<\/p>\n","protected":false},"featured_media":1568,"template":"","meta":{"_acf_changed":false,"_et_pb_use_builder":"","_et_pb_old_content":"","_et_gb_content_width":"","_monsterinsights_skip_tracking":false,"_monsterinsights_sitenote_active":false,"_monsterinsights_sitenote_note":"","_monsterinsights_sitenote_category":0},"product_brand":[],"product_cat":[59,109],"product_tag":[211],"class_list":{"0":"post-1538","1":"product","2":"type-product","3":"status-publish","4":"has-post-thumbnail","6":"product_cat-assise","7":"product_cat-tabourets","8":"product_tag-pedrali","10":"first","11":"instock","12":"shipping-taxable","13":"purchasable","14":"product-type-variable"},"acf":[],"aioseo_notices":[],"_links":{"self":[{"href":"https:\/\/claireambiance.com\/en\/wp-json\/wp\/v2\/product\/1538","targetHints":{"allow":["GET"]}}],"collection":[{"href":"https:\/\/claireambiance.com\/en\/wp-json\/wp\/v2\/product"}],"about":[{"href":"https:\/\/claireambiance.com\/en\/wp-json\/wp\/v2\/types\/product"}],"wp:featuredmedia":[{"embeddable":true,"href":"https:\/\/claireambiance.com\/en\/wp-json\/wp\/v2\/media\/1568"}],"wp:attachment":[{"href":"https:\/\/claireambiance.com\/en\/wp-json\/wp\/v2\/media?parent=1538"}],"wp:term":[{"taxonomy":"product_brand","embeddable":true,"href":"https:\/\/claireambiance.com\/en\/wp-json\/wp\/v2\/product_brand?post=1538"},{"taxonomy":"product_cat","embeddable":true,"href":"https:\/\/claireambiance.com\/en\/wp-json\/wp\/v2\/product_cat?post=1538"},{"taxonomy":"product_tag","embeddable":true,"href":"https:\/\/claireambiance.com\/en\/wp-json\/wp\/v2\/product_tag?post=1538"}],"curies":[{"name":"wp","href":"https:\/\/api.w.org\/{rel}","templated":true}]}}