{"id":1654,"date":"2022-09-14T13:40:05","date_gmt":"2022-09-14T11:40:05","guid":{"rendered":"https:\/\/new.claireambiance.com\/?post_type=product&#038;p=1654"},"modified":"2023-02-15T15:58:01","modified_gmt":"2023-02-15T14:58:01","slug":"lampe-fluo","status":"publish","type":"product","link":"https:\/\/claireambiance.com\/en\/produit\/lampe-fluo\/","title":{"rendered":"LAMPE FLUO DESIGN"},"content":{"rendered":"","protected":false},"excerpt":{"rendered":"<p>Avec des lignes simples et contemporaines, Fluo est une lampe de sol cylindrique. Sa lumi\u00e8re se diffuse doucement du centre de la lampe vers le haut et vers le bas, cr\u00e9ant une atmosph\u00e8re magique.<\/p>\n","protected":false},"featured_media":1686,"template":"","meta":{"_acf_changed":false,"_et_pb_use_builder":"","_et_pb_old_content":"","_et_gb_content_width":"","_monsterinsights_skip_tracking":false,"_monsterinsights_sitenote_active":false,"_monsterinsights_sitenote_note":"","_monsterinsights_sitenote_category":0},"product_brand":[],"product_cat":[206,140],"product_tag":[208],"class_list":{"0":"post-1654","1":"product","2":"type-product","3":"status-publish","4":"has-post-thumbnail","6":"product_cat-lampadaires","7":"product_cat-luminaires","8":"product_tag-slide-studio","10":"first","11":"instock","12":"shipping-taxable","13":"purchasable","14":"product-type-variable"},"acf":[],"aioseo_notices":[],"_links":{"self":[{"href":"https:\/\/claireambiance.com\/en\/wp-json\/wp\/v2\/product\/1654","targetHints":{"allow":["GET"]}}],"collection":[{"href":"https:\/\/claireambiance.com\/en\/wp-json\/wp\/v2\/product"}],"about":[{"href":"https:\/\/claireambiance.com\/en\/wp-json\/wp\/v2\/types\/product"}],"wp:featuredmedia":[{"embeddable":true,"href":"https:\/\/claireambiance.com\/en\/wp-json\/wp\/v2\/media\/1686"}],"wp:attachment":[{"href":"https:\/\/claireambiance.com\/en\/wp-json\/wp\/v2\/media?parent=1654"}],"wp:term":[{"taxonomy":"product_brand","embeddable":true,"href":"https:\/\/claireambiance.com\/en\/wp-json\/wp\/v2\/product_brand?post=1654"},{"taxonomy":"product_cat","embeddable":true,"href":"https:\/\/claireambiance.com\/en\/wp-json\/wp\/v2\/product_cat?post=1654"},{"taxonomy":"product_tag","embeddable":true,"href":"https:\/\/claireambiance.com\/en\/wp-json\/wp\/v2\/product_tag?post=1654"}],"curies":[{"name":"wp","href":"https:\/\/api.w.org\/{rel}","templated":true}]}}