{"id":16562,"date":"2024-11-22T18:32:32","date_gmt":"2024-11-22T17:32:32","guid":{"rendered":"https:\/\/new.claireambiance.com\/?post_type=product&#038;p=16562"},"modified":"2024-11-22T18:52:54","modified_gmt":"2024-11-22T17:52:54","slug":"applique-jack-beige-terres-de-reves","status":"publish","type":"product","link":"https:\/\/claireambiance.com\/en\/produit\/applique-jack-beige-terres-de-reves\/","title":{"rendered":"Applique Jack beige Terres de r\u00eaves"},"content":{"rendered":"","protected":false},"excerpt":{"rendered":"<p>Une applique en gr\u00e8s, empreinte de subtilit\u00e9, de couleur beige. Cette applique Jack affiche fi\u00e8rement son caract\u00e8re artisanal.<br \/>\nLors de l&#8217;am\u00e9nagement de son deuxi\u00e8me studio \u00e0 Bruxelles, Anita Le Grelle cr\u00e9\u00e9 des appliques murales en gr\u00e8s r\u00e9alis\u00e9es \u00e0 partir de diff\u00e9rentes bandes d&#8217;argile.<\/p>\n","protected":false},"featured_media":16567,"template":"","meta":{"_acf_changed":false,"_et_pb_use_builder":"","_et_pb_old_content":"","_et_gb_content_width":"","_monsterinsights_skip_tracking":false,"_monsterinsights_sitenote_active":false,"_monsterinsights_sitenote_note":"","_monsterinsights_sitenote_category":0},"product_brand":[],"product_cat":[23,140],"product_tag":[924],"class_list":{"0":"post-16562","1":"product","2":"type-product","3":"status-publish","4":"has-post-thumbnail","6":"product_cat-applique","7":"product_cat-luminaires","8":"product_tag-karman","10":"first","11":"instock","12":"shipping-taxable","13":"purchasable","14":"product-type-simple"},"acf":[],"aioseo_notices":[],"_links":{"self":[{"href":"https:\/\/claireambiance.com\/en\/wp-json\/wp\/v2\/product\/16562","targetHints":{"allow":["GET"]}}],"collection":[{"href":"https:\/\/claireambiance.com\/en\/wp-json\/wp\/v2\/product"}],"about":[{"href":"https:\/\/claireambiance.com\/en\/wp-json\/wp\/v2\/types\/product"}],"wp:featuredmedia":[{"embeddable":true,"href":"https:\/\/claireambiance.com\/en\/wp-json\/wp\/v2\/media\/16567"}],"wp:attachment":[{"href":"https:\/\/claireambiance.com\/en\/wp-json\/wp\/v2\/media?parent=16562"}],"wp:term":[{"taxonomy":"product_brand","embeddable":true,"href":"https:\/\/claireambiance.com\/en\/wp-json\/wp\/v2\/product_brand?post=16562"},{"taxonomy":"product_cat","embeddable":true,"href":"https:\/\/claireambiance.com\/en\/wp-json\/wp\/v2\/product_cat?post=16562"},{"taxonomy":"product_tag","embeddable":true,"href":"https:\/\/claireambiance.com\/en\/wp-json\/wp\/v2\/product_tag?post=16562"}],"curies":[{"name":"wp","href":"https:\/\/api.w.org\/{rel}","templated":true}]}}