{"id":16573,"date":"2024-11-22T18:53:21","date_gmt":"2024-11-22T17:53:21","guid":{"rendered":"https:\/\/new.claireambiance.com\/?post_type=product&#038;p=16573"},"modified":"2025-04-26T17:43:54","modified_gmt":"2025-04-26T15:43:54","slug":"suspension-melt-tom-dixon","status":"publish","type":"product","link":"https:\/\/claireambiance.com\/en\/produit\/suspension-melt-tom-dixon\/","title":{"rendered":"Suspension Melt Tom Dixon"},"content":{"rendered":"","protected":false},"excerpt":{"rendered":"<p class=\"p1\">Suspension iconique Tom Dixon. Effet verre souffl\u00e9 en fusion, disponible en deux tailles (Mini \u00d8 27 cm \/ Medium \u00d8 48 cm) et trois couleurs (Gold, Copper, Chrome). LED int\u00e9gr\u00e9e. Parfait pour un int\u00e9rieur contemporain.<\/p>\n","protected":false},"featured_media":16930,"template":"","meta":{"_acf_changed":false,"_et_pb_use_builder":"","_et_pb_old_content":"","_et_gb_content_width":"","_monsterinsights_skip_tracking":false,"_monsterinsights_sitenote_active":false,"_monsterinsights_sitenote_note":"","_monsterinsights_sitenote_category":0},"product_brand":[],"product_cat":[140,24],"product_tag":[924],"class_list":{"0":"post-16573","1":"product","2":"type-product","3":"status-publish","4":"has-post-thumbnail","6":"product_cat-luminaires","7":"product_cat-suspensions","8":"product_tag-karman","10":"first","11":"instock","12":"shipping-taxable","13":"purchasable","14":"product-type-variable"},"acf":[],"aioseo_notices":[],"_links":{"self":[{"href":"https:\/\/claireambiance.com\/en\/wp-json\/wp\/v2\/product\/16573","targetHints":{"allow":["GET"]}}],"collection":[{"href":"https:\/\/claireambiance.com\/en\/wp-json\/wp\/v2\/product"}],"about":[{"href":"https:\/\/claireambiance.com\/en\/wp-json\/wp\/v2\/types\/product"}],"wp:featuredmedia":[{"embeddable":true,"href":"https:\/\/claireambiance.com\/en\/wp-json\/wp\/v2\/media\/16930"}],"wp:attachment":[{"href":"https:\/\/claireambiance.com\/en\/wp-json\/wp\/v2\/media?parent=16573"}],"wp:term":[{"taxonomy":"product_brand","embeddable":true,"href":"https:\/\/claireambiance.com\/en\/wp-json\/wp\/v2\/product_brand?post=16573"},{"taxonomy":"product_cat","embeddable":true,"href":"https:\/\/claireambiance.com\/en\/wp-json\/wp\/v2\/product_cat?post=16573"},{"taxonomy":"product_tag","embeddable":true,"href":"https:\/\/claireambiance.com\/en\/wp-json\/wp\/v2\/product_tag?post=16573"}],"curies":[{"name":"wp","href":"https:\/\/api.w.org\/{rel}","templated":true}]}}