{"id":16600,"date":"2024-12-02T19:34:13","date_gmt":"2024-12-02T18:34:13","guid":{"rendered":"https:\/\/new.claireambiance.com\/?post_type=product&#038;p=16600"},"modified":"2024-12-02T19:53:21","modified_gmt":"2024-12-02T18:53:21","slug":"salon-design-luna-vondom","status":"publish","type":"product","link":"https:\/\/claireambiance.com\/en\/produit\/salon-design-luna-vondom\/","title":{"rendered":"SALON DESIGN LUNA"},"content":{"rendered":"","protected":false},"excerpt":{"rendered":"<p>La collection Luna, con\u00e7u par Ram\u00f3n Esteve, red\u00e9finit le luxe en ext\u00e9rieur avec sa structure 100% poly\u00e9thyl\u00e8ne recyclable et ses techniques de moulage. Ce Salon ext\u00e9rieur fait partie d&#8217;une collection design intemporelle bas\u00e9e sur un confort optimal ultra adapt\u00e9 \u00e0 notre climat tropical et capable de vous offrir une qualit\u00e9 maximale et des moments de d\u00e9tente exceptionnels.<\/p>\n","protected":false},"featured_media":16664,"template":"","meta":{"_acf_changed":false,"_et_pb_use_builder":"","_et_pb_old_content":"","_et_gb_content_width":"","_monsterinsights_skip_tracking":false,"_monsterinsights_sitenote_active":false,"_monsterinsights_sitenote_note":"","_monsterinsights_sitenote_category":0},"product_brand":[],"product_cat":[175,38],"product_tag":[105],"class_list":{"0":"post-16600","1":"product","2":"type-product","3":"status-publish","4":"has-post-thumbnail","6":"product_cat-luxe","7":"product_cat-salons-exterieur","8":"product_tag-vondom","10":"first","11":"instock","12":"shipping-taxable","13":"purchasable","14":"product-type-variable"},"acf":[],"aioseo_notices":[],"_links":{"self":[{"href":"https:\/\/claireambiance.com\/en\/wp-json\/wp\/v2\/product\/16600","targetHints":{"allow":["GET"]}}],"collection":[{"href":"https:\/\/claireambiance.com\/en\/wp-json\/wp\/v2\/product"}],"about":[{"href":"https:\/\/claireambiance.com\/en\/wp-json\/wp\/v2\/types\/product"}],"wp:featuredmedia":[{"embeddable":true,"href":"https:\/\/claireambiance.com\/en\/wp-json\/wp\/v2\/media\/16664"}],"wp:attachment":[{"href":"https:\/\/claireambiance.com\/en\/wp-json\/wp\/v2\/media?parent=16600"}],"wp:term":[{"taxonomy":"product_brand","embeddable":true,"href":"https:\/\/claireambiance.com\/en\/wp-json\/wp\/v2\/product_brand?post=16600"},{"taxonomy":"product_cat","embeddable":true,"href":"https:\/\/claireambiance.com\/en\/wp-json\/wp\/v2\/product_cat?post=16600"},{"taxonomy":"product_tag","embeddable":true,"href":"https:\/\/claireambiance.com\/en\/wp-json\/wp\/v2\/product_tag?post=16600"}],"curies":[{"name":"wp","href":"https:\/\/api.w.org\/{rel}","templated":true}]}}