{"id":16670,"date":"2024-12-02T19:55:02","date_gmt":"2024-12-02T18:55:02","guid":{"rendered":"https:\/\/new.claireambiance.com\/?post_type=product&#038;p=16670"},"modified":"2024-12-02T20:18:14","modified_gmt":"2024-12-02T19:18:14","slug":"daybed-luna-outdoor-vondom","status":"publish","type":"product","link":"https:\/\/claireambiance.com\/en\/produit\/daybed-luna-outdoor-vondom\/","title":{"rendered":"DAYBED LUNA"},"content":{"rendered":"","protected":false},"excerpt":{"rendered":"<p>Ce Daybed Luna a \u00e9t\u00e9 con\u00e7u pour vous apporter un confort optimal, pour vous pr\u00e9lasser en bord de piscine ou de plage.<\/p>\n<p>&nbsp;<\/p>\n","protected":false},"featured_media":16699,"template":"","meta":{"_acf_changed":false,"_et_pb_use_builder":"","_et_pb_old_content":"","_et_gb_content_width":"","_monsterinsights_skip_tracking":false,"_monsterinsights_sitenote_active":false,"_monsterinsights_sitenote_note":"","_monsterinsights_sitenote_category":0},"product_brand":[],"product_cat":[892,88],"product_tag":[105],"class_list":{"0":"post-16670","1":"product","2":"type-product","3":"status-publish","4":"has-post-thumbnail","6":"product_cat-daybed","7":"product_cat-daybed-bain-de-soleil","8":"product_tag-vondom","10":"first","11":"instock","12":"shipping-taxable","13":"purchasable","14":"product-type-variable"},"acf":[],"aioseo_notices":[],"_links":{"self":[{"href":"https:\/\/claireambiance.com\/en\/wp-json\/wp\/v2\/product\/16670","targetHints":{"allow":["GET"]}}],"collection":[{"href":"https:\/\/claireambiance.com\/en\/wp-json\/wp\/v2\/product"}],"about":[{"href":"https:\/\/claireambiance.com\/en\/wp-json\/wp\/v2\/types\/product"}],"wp:featuredmedia":[{"embeddable":true,"href":"https:\/\/claireambiance.com\/en\/wp-json\/wp\/v2\/media\/16699"}],"wp:attachment":[{"href":"https:\/\/claireambiance.com\/en\/wp-json\/wp\/v2\/media?parent=16670"}],"wp:term":[{"taxonomy":"product_brand","embeddable":true,"href":"https:\/\/claireambiance.com\/en\/wp-json\/wp\/v2\/product_brand?post=16670"},{"taxonomy":"product_cat","embeddable":true,"href":"https:\/\/claireambiance.com\/en\/wp-json\/wp\/v2\/product_cat?post=16670"},{"taxonomy":"product_tag","embeddable":true,"href":"https:\/\/claireambiance.com\/en\/wp-json\/wp\/v2\/product_tag?post=16670"}],"curies":[{"name":"wp","href":"https:\/\/api.w.org\/{rel}","templated":true}]}}