{"id":16758,"date":"2025-01-22T23:10:36","date_gmt":"2025-01-22T22:10:36","guid":{"rendered":"https:\/\/new.claireambiance.com\/?post_type=product&#038;p=16758"},"modified":"2025-01-23T00:03:15","modified_gmt":"2025-01-22T23:03:15","slug":"buffet-mulcey-contemporain-blanc","status":"publish","type":"product","link":"https:\/\/claireambiance.com\/en\/produit\/buffet-mulcey-contemporain-blanc\/","title":{"rendered":"BUFFET MULCEY S"},"content":{"rendered":"","protected":false},"excerpt":{"rendered":"<p>Buffet mulcey, couleur blanc, style contemporain. Fabriqu\u00e9 en r\u00e9sine, combin\u00e9 avec gravier et dm.<\/p>\n","protected":false},"featured_media":16767,"template":"","meta":{"_acf_changed":false,"_et_pb_use_builder":"","_et_pb_old_content":"","_et_gb_content_width":"","_monsterinsights_skip_tracking":false,"_monsterinsights_sitenote_active":false,"_monsterinsights_sitenote_note":"","_monsterinsights_sitenote_category":0},"product_brand":[],"product_cat":[187,183],"product_tag":[963],"class_list":{"0":"post-16758","1":"product","2":"type-product","3":"status-publish","4":"has-post-thumbnail","6":"product_cat-buffets","7":"product_cat-elements-rangement","8":"product_tag-vical","10":"first","11":"instock","12":"shipping-taxable","13":"purchasable","14":"product-type-simple"},"acf":[],"aioseo_notices":[],"_links":{"self":[{"href":"https:\/\/claireambiance.com\/en\/wp-json\/wp\/v2\/product\/16758","targetHints":{"allow":["GET"]}}],"collection":[{"href":"https:\/\/claireambiance.com\/en\/wp-json\/wp\/v2\/product"}],"about":[{"href":"https:\/\/claireambiance.com\/en\/wp-json\/wp\/v2\/types\/product"}],"wp:featuredmedia":[{"embeddable":true,"href":"https:\/\/claireambiance.com\/en\/wp-json\/wp\/v2\/media\/16767"}],"wp:attachment":[{"href":"https:\/\/claireambiance.com\/en\/wp-json\/wp\/v2\/media?parent=16758"}],"wp:term":[{"taxonomy":"product_brand","embeddable":true,"href":"https:\/\/claireambiance.com\/en\/wp-json\/wp\/v2\/product_brand?post=16758"},{"taxonomy":"product_cat","embeddable":true,"href":"https:\/\/claireambiance.com\/en\/wp-json\/wp\/v2\/product_cat?post=16758"},{"taxonomy":"product_tag","embeddable":true,"href":"https:\/\/claireambiance.com\/en\/wp-json\/wp\/v2\/product_tag?post=16758"}],"curies":[{"name":"wp","href":"https:\/\/api.w.org\/{rel}","templated":true}]}}