{"id":16792,"date":"2025-02-12T20:58:47","date_gmt":"2025-02-12T19:58:47","guid":{"rendered":"https:\/\/new.claireambiance.com\/?post_type=product&#038;p=16792"},"modified":"2025-02-12T20:58:47","modified_gmt":"2025-02-12T19:58:47","slug":"fauteuil-lounge-mood-en-teck","status":"publish","type":"product","link":"https:\/\/claireambiance.com\/en\/produit\/fauteuil-lounge-mood-en-teck\/","title":{"rendered":"Fauteuil Lounge Mood en Teck"},"content":{"rendered":"","protected":false},"excerpt":{"rendered":"<p>alliant design \u00e9pur\u00e9 et confort exceptionnel, le fauteuil lounge Mood de Trib\u00f9 est con\u00e7u avec une structure en teck massif et un tissage artisanal en Tricord. Parfait pour un usage ext\u00e9rieur, il r\u00e9siste aux intemp\u00e9ries et offre une assise accueillante et \u00e9l\u00e9gante. Id\u00e9al pour am\u00e9nager un espace lounge raffin\u00e9 ou une sublime terrasse<\/p>\n","protected":false},"featured_media":16795,"template":"","meta":{"_acf_changed":false,"_et_pb_use_builder":"","_et_pb_old_content":"","_et_gb_content_width":"","_monsterinsights_skip_tracking":false,"_monsterinsights_sitenote_active":false,"_monsterinsights_sitenote_note":"","_monsterinsights_sitenote_category":0},"product_brand":[],"product_cat":[38,39],"product_tag":[966,154,965],"class_list":{"0":"post-16792","1":"product","2":"type-product","3":"status-publish","4":"has-post-thumbnail","6":"product_cat-salons-exterieur","7":"product_cat-ultra-luxe","8":"product_tag-exterieur","9":"product_tag-fauteuil","10":"product_tag-tribu","12":"first","13":"instock","14":"shipping-taxable","15":"purchasable","16":"product-type-variable"},"acf":[],"aioseo_notices":[],"_links":{"self":[{"href":"https:\/\/claireambiance.com\/en\/wp-json\/wp\/v2\/product\/16792","targetHints":{"allow":["GET"]}}],"collection":[{"href":"https:\/\/claireambiance.com\/en\/wp-json\/wp\/v2\/product"}],"about":[{"href":"https:\/\/claireambiance.com\/en\/wp-json\/wp\/v2\/types\/product"}],"wp:featuredmedia":[{"embeddable":true,"href":"https:\/\/claireambiance.com\/en\/wp-json\/wp\/v2\/media\/16795"}],"wp:attachment":[{"href":"https:\/\/claireambiance.com\/en\/wp-json\/wp\/v2\/media?parent=16792"}],"wp:term":[{"taxonomy":"product_brand","embeddable":true,"href":"https:\/\/claireambiance.com\/en\/wp-json\/wp\/v2\/product_brand?post=16792"},{"taxonomy":"product_cat","embeddable":true,"href":"https:\/\/claireambiance.com\/en\/wp-json\/wp\/v2\/product_cat?post=16792"},{"taxonomy":"product_tag","embeddable":true,"href":"https:\/\/claireambiance.com\/en\/wp-json\/wp\/v2\/product_tag?post=16792"}],"curies":[{"name":"wp","href":"https:\/\/api.w.org\/{rel}","templated":true}]}}