{"id":16831,"date":"2025-02-12T20:59:56","date_gmt":"2025-02-12T19:59:56","guid":{"rendered":"https:\/\/new.claireambiance.com\/?post_type=product&#038;p=16831"},"modified":"2025-02-12T21:11:43","modified_gmt":"2025-02-12T20:11:43","slug":"canape-lounge-mood-en-teck-copie","status":"publish","type":"product","link":"https:\/\/claireambiance.com\/en\/produit\/canape-lounge-mood-en-teck-copie\/","title":{"rendered":"Canap\u00e9 Lounge Mood en Teck"},"content":{"rendered":"","protected":false},"excerpt":{"rendered":"<p>Ajoutez une touche d&#8217;\u00e9l\u00e9gance \u00e0 votre terrasse avec le canap\u00e9 Mood de Trib\u00f9. Con\u00e7u en tech massif et tiss\u00e9 en Tricord \u00e0 l amain, il offre un confort exceptionnel et une r\u00e9sistance aux intemp\u00e9ries. Disponible en plusieurs couleurs et finitions.<\/p>\n","protected":false},"featured_media":16805,"template":"","meta":{"_acf_changed":false,"_et_pb_use_builder":"","_et_pb_old_content":"","_et_gb_content_width":"","_monsterinsights_skip_tracking":false,"_monsterinsights_sitenote_active":false,"_monsterinsights_sitenote_note":"","_monsterinsights_sitenote_category":0},"product_brand":[],"product_cat":[38,39],"product_tag":[966,154,965],"class_list":{"0":"post-16831","1":"product","2":"type-product","3":"status-publish","4":"has-post-thumbnail","6":"product_cat-salons-exterieur","7":"product_cat-ultra-luxe","8":"product_tag-exterieur","9":"product_tag-fauteuil","10":"product_tag-tribu","12":"first","13":"instock","14":"shipping-taxable","15":"purchasable","16":"product-type-variable"},"acf":[],"aioseo_notices":[],"_links":{"self":[{"href":"https:\/\/claireambiance.com\/en\/wp-json\/wp\/v2\/product\/16831","targetHints":{"allow":["GET"]}}],"collection":[{"href":"https:\/\/claireambiance.com\/en\/wp-json\/wp\/v2\/product"}],"about":[{"href":"https:\/\/claireambiance.com\/en\/wp-json\/wp\/v2\/types\/product"}],"wp:featuredmedia":[{"embeddable":true,"href":"https:\/\/claireambiance.com\/en\/wp-json\/wp\/v2\/media\/16805"}],"wp:attachment":[{"href":"https:\/\/claireambiance.com\/en\/wp-json\/wp\/v2\/media?parent=16831"}],"wp:term":[{"taxonomy":"product_brand","embeddable":true,"href":"https:\/\/claireambiance.com\/en\/wp-json\/wp\/v2\/product_brand?post=16831"},{"taxonomy":"product_cat","embeddable":true,"href":"https:\/\/claireambiance.com\/en\/wp-json\/wp\/v2\/product_cat?post=16831"},{"taxonomy":"product_tag","embeddable":true,"href":"https:\/\/claireambiance.com\/en\/wp-json\/wp\/v2\/product_tag?post=16831"}],"curies":[{"name":"wp","href":"https:\/\/api.w.org\/{rel}","templated":true}]}}