{"id":16835,"date":"2025-02-12T21:15:30","date_gmt":"2025-02-12T20:15:30","guid":{"rendered":"https:\/\/new.claireambiance.com\/?post_type=product&#038;p=16835"},"modified":"2025-02-12T21:26:35","modified_gmt":"2025-02-12T20:26:35","slug":"daybed-mood-en-teck","status":"publish","type":"product","link":"https:\/\/claireambiance.com\/en\/produit\/daybed-mood-en-teck\/","title":{"rendered":"DayBed Mood en Teck"},"content":{"rendered":"","protected":false},"excerpt":{"rendered":"<p>Offrez vous un espace de d\u00e9tente luxueux avec le Daybed Mood de trib\u00f9. Con\u00e7u en tech massif FSC et tiss\u00e9 en Tricord \u00e0 lavmain, il offre un confort exceptionnel et une r\u00e9sistance aux intemp\u00e9ries. Disponible en plusieurs couleurs et finitions.<\/p>\n","protected":false},"featured_media":16845,"template":"","meta":{"_acf_changed":false,"_et_pb_use_builder":"","_et_pb_old_content":"","_et_gb_content_width":"","_monsterinsights_skip_tracking":false,"_monsterinsights_sitenote_active":false,"_monsterinsights_sitenote_note":"","_monsterinsights_sitenote_category":0},"product_brand":[],"product_cat":[892,88],"product_tag":[967,966,965],"class_list":{"0":"post-16835","1":"product","2":"type-product","3":"status-publish","4":"has-post-thumbnail","6":"product_cat-daybed","7":"product_cat-daybed-bain-de-soleil","8":"product_tag-daybed","9":"product_tag-exterieur","10":"product_tag-tribu","12":"first","13":"instock","14":"shipping-taxable","15":"purchasable","16":"product-type-variable"},"acf":[],"aioseo_notices":[],"_links":{"self":[{"href":"https:\/\/claireambiance.com\/en\/wp-json\/wp\/v2\/product\/16835","targetHints":{"allow":["GET"]}}],"collection":[{"href":"https:\/\/claireambiance.com\/en\/wp-json\/wp\/v2\/product"}],"about":[{"href":"https:\/\/claireambiance.com\/en\/wp-json\/wp\/v2\/types\/product"}],"wp:featuredmedia":[{"embeddable":true,"href":"https:\/\/claireambiance.com\/en\/wp-json\/wp\/v2\/media\/16845"}],"wp:attachment":[{"href":"https:\/\/claireambiance.com\/en\/wp-json\/wp\/v2\/media?parent=16835"}],"wp:term":[{"taxonomy":"product_brand","embeddable":true,"href":"https:\/\/claireambiance.com\/en\/wp-json\/wp\/v2\/product_brand?post=16835"},{"taxonomy":"product_cat","embeddable":true,"href":"https:\/\/claireambiance.com\/en\/wp-json\/wp\/v2\/product_cat?post=16835"},{"taxonomy":"product_tag","embeddable":true,"href":"https:\/\/claireambiance.com\/en\/wp-json\/wp\/v2\/product_tag?post=16835"}],"curies":[{"name":"wp","href":"https:\/\/api.w.org\/{rel}","templated":true}]}}