{"id":16888,"date":"2025-04-25T03:02:49","date_gmt":"2025-04-25T01:02:49","guid":{"rendered":"https:\/\/new.claireambiance.com\/?post_type=product&#038;p=16888"},"modified":"2025-04-25T03:31:07","modified_gmt":"2025-04-25T01:31:07","slug":"canape-modulaire-milos-vondom","status":"publish","type":"product","link":"https:\/\/claireambiance.com\/en\/produit\/canape-modulaire-milos-vondom\/","title":{"rendered":"Canap\u00e9 modulaire Milos"},"content":{"rendered":"","protected":false},"excerpt":{"rendered":"<p class=\"p1\">Canap\u00e9 modulaire haut de gamme pour l&#8217;ext\u00e9rieur, sign\u00e9 Jean-Marie Massaud. Design prim\u00e9, structure en mousse inject\u00e9e, base en bois d\u2019iroko. Fabrication europ\u00e9enne. 100 % personnalisable.<\/p>\n","protected":false},"featured_media":16892,"template":"","meta":{"_acf_changed":false,"_et_pb_use_builder":"","_et_pb_old_content":"","_et_gb_content_width":"","_monsterinsights_skip_tracking":false,"_monsterinsights_sitenote_active":false,"_monsterinsights_sitenote_note":"","_monsterinsights_sitenote_category":0},"product_brand":[],"product_cat":[38,39],"product_tag":[966],"class_list":{"0":"post-16888","1":"product","2":"type-product","3":"status-publish","4":"has-post-thumbnail","6":"product_cat-salons-exterieur","7":"product_cat-ultra-luxe","8":"product_tag-exterieur","10":"first","11":"instock","12":"shipping-taxable","13":"purchasable","14":"product-type-simple"},"acf":[],"aioseo_notices":[],"_links":{"self":[{"href":"https:\/\/claireambiance.com\/en\/wp-json\/wp\/v2\/product\/16888","targetHints":{"allow":["GET"]}}],"collection":[{"href":"https:\/\/claireambiance.com\/en\/wp-json\/wp\/v2\/product"}],"about":[{"href":"https:\/\/claireambiance.com\/en\/wp-json\/wp\/v2\/types\/product"}],"wp:featuredmedia":[{"embeddable":true,"href":"https:\/\/claireambiance.com\/en\/wp-json\/wp\/v2\/media\/16892"}],"wp:attachment":[{"href":"https:\/\/claireambiance.com\/en\/wp-json\/wp\/v2\/media?parent=16888"}],"wp:term":[{"taxonomy":"product_brand","embeddable":true,"href":"https:\/\/claireambiance.com\/en\/wp-json\/wp\/v2\/product_brand?post=16888"},{"taxonomy":"product_cat","embeddable":true,"href":"https:\/\/claireambiance.com\/en\/wp-json\/wp\/v2\/product_cat?post=16888"},{"taxonomy":"product_tag","embeddable":true,"href":"https:\/\/claireambiance.com\/en\/wp-json\/wp\/v2\/product_tag?post=16888"}],"curies":[{"name":"wp","href":"https:\/\/api.w.org\/{rel}","templated":true}]}}