{"id":16908,"date":"2025-04-25T03:37:10","date_gmt":"2025-04-25T01:37:10","guid":{"rendered":"https:\/\/new.claireambiance.com\/?post_type=product&#038;p=16908"},"modified":"2025-04-25T03:50:31","modified_gmt":"2025-04-25T01:50:31","slug":"salon-africa-lounge-vondom","status":"publish","type":"product","link":"https:\/\/claireambiance.com\/en\/produit\/salon-africa-lounge-vondom\/","title":{"rendered":"Salon Africa Lounge"},"content":{"rendered":"","protected":false},"excerpt":{"rendered":"<p class=\"p1\">La collection Africa Lounge, con\u00e7ue par le designer catalan Eugeni Quitllet pour VONDOM, incarne l\u2019essence de la simplicit\u00e9 et de l\u2019\u00e9l\u00e9gance. Inspir\u00e9e par les formes naturelles et \u00e9pur\u00e9es, cette collection offre un mobilier d\u2019ext\u00e9rieur \u00e0 la fois confortable et sophistiqu\u00e9, id\u00e9al pour cr\u00e9er des espaces de d\u00e9tente raffin\u00e9s.<\/p>\n","protected":false},"featured_media":16912,"template":"","meta":{"_acf_changed":false,"_et_pb_use_builder":"","_et_pb_old_content":"","_et_gb_content_width":"","_monsterinsights_skip_tracking":false,"_monsterinsights_sitenote_active":false,"_monsterinsights_sitenote_note":"","_monsterinsights_sitenote_category":0},"product_brand":[],"product_cat":[57,175,38,39],"product_tag":[105],"class_list":{"0":"post-16908","1":"product","2":"type-product","3":"status-publish","4":"has-post-thumbnail","6":"product_cat-indispensables","7":"product_cat-luxe","8":"product_cat-salons-exterieur","9":"product_cat-ultra-luxe","10":"product_tag-vondom","12":"first","13":"instock","14":"shipping-taxable","15":"purchasable","16":"product-type-variable"},"acf":[],"aioseo_notices":[],"_links":{"self":[{"href":"https:\/\/claireambiance.com\/en\/wp-json\/wp\/v2\/product\/16908","targetHints":{"allow":["GET"]}}],"collection":[{"href":"https:\/\/claireambiance.com\/en\/wp-json\/wp\/v2\/product"}],"about":[{"href":"https:\/\/claireambiance.com\/en\/wp-json\/wp\/v2\/types\/product"}],"wp:featuredmedia":[{"embeddable":true,"href":"https:\/\/claireambiance.com\/en\/wp-json\/wp\/v2\/media\/16912"}],"wp:attachment":[{"href":"https:\/\/claireambiance.com\/en\/wp-json\/wp\/v2\/media?parent=16908"}],"wp:term":[{"taxonomy":"product_brand","embeddable":true,"href":"https:\/\/claireambiance.com\/en\/wp-json\/wp\/v2\/product_brand?post=16908"},{"taxonomy":"product_cat","embeddable":true,"href":"https:\/\/claireambiance.com\/en\/wp-json\/wp\/v2\/product_cat?post=16908"},{"taxonomy":"product_tag","embeddable":true,"href":"https:\/\/claireambiance.com\/en\/wp-json\/wp\/v2\/product_tag?post=16908"}],"curies":[{"name":"wp","href":"https:\/\/api.w.org\/{rel}","templated":true}]}}