{"id":16919,"date":"2025-04-25T04:06:22","date_gmt":"2025-04-25T02:06:22","guid":{"rendered":"https:\/\/new.claireambiance.com\/?post_type=product&#038;p=16919"},"modified":"2025-04-25T04:06:22","modified_gmt":"2025-04-25T02:06:22","slug":"salon-modulable-gatsby-vondom","status":"publish","type":"product","link":"https:\/\/claireambiance.com\/en\/produit\/salon-modulable-gatsby-vondom\/","title":{"rendered":"Salon modulable Gatsby &#8211; Vondom"},"content":{"rendered":"","protected":false},"excerpt":{"rendered":"<p class=\"p1\">Salon modulable Gatsby de VONDOM : design Art D\u00e9co, modularit\u00e9 exceptionnelle, mat\u00e9riaux durables pour une utilisation int\u00e9rieure et ext\u00e9rieure.<\/p>\n","protected":false},"featured_media":16925,"template":"","meta":{"_acf_changed":false,"_et_pb_use_builder":"","_et_pb_old_content":"","_et_gb_content_width":"","_monsterinsights_skip_tracking":false,"_monsterinsights_sitenote_active":false,"_monsterinsights_sitenote_note":"","_monsterinsights_sitenote_category":0},"product_brand":[],"product_cat":[57,175,38,39],"product_tag":[],"class_list":{"0":"post-16919","1":"product","2":"type-product","3":"status-publish","4":"has-post-thumbnail","6":"product_cat-indispensables","7":"product_cat-luxe","8":"product_cat-salons-exterieur","9":"product_cat-ultra-luxe","11":"first","12":"instock","13":"shipping-taxable","14":"purchasable","15":"product-type-simple"},"acf":[],"aioseo_notices":[],"_links":{"self":[{"href":"https:\/\/claireambiance.com\/en\/wp-json\/wp\/v2\/product\/16919","targetHints":{"allow":["GET"]}}],"collection":[{"href":"https:\/\/claireambiance.com\/en\/wp-json\/wp\/v2\/product"}],"about":[{"href":"https:\/\/claireambiance.com\/en\/wp-json\/wp\/v2\/types\/product"}],"wp:featuredmedia":[{"embeddable":true,"href":"https:\/\/claireambiance.com\/en\/wp-json\/wp\/v2\/media\/16925"}],"wp:attachment":[{"href":"https:\/\/claireambiance.com\/en\/wp-json\/wp\/v2\/media?parent=16919"}],"wp:term":[{"taxonomy":"product_brand","embeddable":true,"href":"https:\/\/claireambiance.com\/en\/wp-json\/wp\/v2\/product_brand?post=16919"},{"taxonomy":"product_cat","embeddable":true,"href":"https:\/\/claireambiance.com\/en\/wp-json\/wp\/v2\/product_cat?post=16919"},{"taxonomy":"product_tag","embeddable":true,"href":"https:\/\/claireambiance.com\/en\/wp-json\/wp\/v2\/product_tag?post=16919"}],"curies":[{"name":"wp","href":"https:\/\/api.w.org\/{rel}","templated":true}]}}