{"id":16979,"date":"2025-04-26T19:38:10","date_gmt":"2025-04-26T17:38:10","guid":{"rendered":"https:\/\/new.claireambiance.com\/?post_type=product&#038;p=16979"},"modified":"2025-04-26T20:08:14","modified_gmt":"2025-04-26T18:08:14","slug":"amphora-bover","status":"publish","type":"product","link":"https:\/\/claireambiance.com\/en\/produit\/amphora-bover\/","title":{"rendered":"Amphora Bover &#8211; Lampes d&#8217;ext\u00e9rieur"},"content":{"rendered":"","protected":false},"excerpt":{"rendered":"<p class=\"p1\">Lampes d\u2019ext\u00e9rieur Amphora de Bover. Trois tailles disponibles (77,5 cm, 123 cm, 137 cm) et deux finitions \u00e9l\u00e9gantes. Structure aluminium et fibre synth\u00e9tique. \u00c9tanch\u00e9it\u00e9 IP66. Id\u00e9al pour terrasses, patios et jardins.<\/p>\n","protected":false},"featured_media":16988,"template":"","meta":{"_acf_changed":false,"_et_pb_use_builder":"","_et_pb_old_content":"","_et_gb_content_width":"","_monsterinsights_skip_tracking":false,"_monsterinsights_sitenote_active":false,"_monsterinsights_sitenote_note":"","_monsterinsights_sitenote_category":0},"product_brand":[],"product_cat":[206,140],"product_tag":[969,966,161,970],"class_list":{"0":"post-16979","1":"product","2":"type-product","3":"status-publish","4":"has-post-thumbnail","6":"product_cat-lampadaires","7":"product_cat-luminaires","8":"product_tag-bover","9":"product_tag-exterieur","10":"product_tag-luminaire","11":"product_tag-outdoor","13":"first","14":"instock","15":"shipping-taxable","16":"purchasable","17":"product-type-variable"},"acf":[],"aioseo_notices":[],"_links":{"self":[{"href":"https:\/\/claireambiance.com\/en\/wp-json\/wp\/v2\/product\/16979","targetHints":{"allow":["GET"]}}],"collection":[{"href":"https:\/\/claireambiance.com\/en\/wp-json\/wp\/v2\/product"}],"about":[{"href":"https:\/\/claireambiance.com\/en\/wp-json\/wp\/v2\/types\/product"}],"wp:featuredmedia":[{"embeddable":true,"href":"https:\/\/claireambiance.com\/en\/wp-json\/wp\/v2\/media\/16988"}],"wp:attachment":[{"href":"https:\/\/claireambiance.com\/en\/wp-json\/wp\/v2\/media?parent=16979"}],"wp:term":[{"taxonomy":"product_brand","embeddable":true,"href":"https:\/\/claireambiance.com\/en\/wp-json\/wp\/v2\/product_brand?post=16979"},{"taxonomy":"product_cat","embeddable":true,"href":"https:\/\/claireambiance.com\/en\/wp-json\/wp\/v2\/product_cat?post=16979"},{"taxonomy":"product_tag","embeddable":true,"href":"https:\/\/claireambiance.com\/en\/wp-json\/wp\/v2\/product_tag?post=16979"}],"curies":[{"name":"wp","href":"https:\/\/api.w.org\/{rel}","templated":true}]}}