{"id":17218,"date":"2026-01-27T21:36:36","date_gmt":"2026-01-27T20:36:36","guid":{"rendered":"https:\/\/claireambiance.com\/?post_type=product&#038;p=17218"},"modified":"2026-01-27T22:54:21","modified_gmt":"2026-01-27T21:54:21","slug":"canape-velutto","status":"publish","type":"product","link":"https:\/\/claireambiance.com\/en\/produit\/canape-velutto\/","title":{"rendered":"CANAPE VELUTTO"},"content":{"rendered":"","protected":false},"excerpt":{"rendered":"<p>Canap\u00e9 Velutto s\u00e9duit par ses lignes g\u00e9n\u00e9reuses et son design comptemporain, pens\u00e9 pour cr\u00e9er des espaces \u00e0 la fois \u00e9l\u00e9gants, confortables et personnalisables.<br \/>\nenti\u00e8rement modulable, il s&#8217;adapte \u00e0 toutes les configurations, angle, m\u00e9ridienne, grande composition ou version plus compacte.<\/p>\n","protected":false},"featured_media":17235,"template":"","meta":{"_acf_changed":false,"_et_pb_use_builder":"off","_et_pb_old_content":"","_et_gb_content_width":"","_monsterinsights_skip_tracking":false,"_monsterinsights_sitenote_active":false,"_monsterinsights_sitenote_note":"","_monsterinsights_sitenote_category":0},"product_brand":[],"product_cat":[162,177],"product_tag":[153,971],"class_list":{"0":"post-17218","1":"product","2":"type-product","3":"status-publish","4":"has-post-thumbnail","6":"product_cat-canapes-et-salons-interieur","7":"product_cat-modulable","8":"product_tag-canape","9":"product_tag-canape-dangle","11":"first","12":"instock","13":"shipping-taxable","14":"purchasable","15":"product-type-variable"},"acf":[],"aioseo_notices":[],"_links":{"self":[{"href":"https:\/\/claireambiance.com\/en\/wp-json\/wp\/v2\/product\/17218","targetHints":{"allow":["GET"]}}],"collection":[{"href":"https:\/\/claireambiance.com\/en\/wp-json\/wp\/v2\/product"}],"about":[{"href":"https:\/\/claireambiance.com\/en\/wp-json\/wp\/v2\/types\/product"}],"wp:featuredmedia":[{"embeddable":true,"href":"https:\/\/claireambiance.com\/en\/wp-json\/wp\/v2\/media\/17235"}],"wp:attachment":[{"href":"https:\/\/claireambiance.com\/en\/wp-json\/wp\/v2\/media?parent=17218"}],"wp:term":[{"taxonomy":"product_brand","embeddable":true,"href":"https:\/\/claireambiance.com\/en\/wp-json\/wp\/v2\/product_brand?post=17218"},{"taxonomy":"product_cat","embeddable":true,"href":"https:\/\/claireambiance.com\/en\/wp-json\/wp\/v2\/product_cat?post=17218"},{"taxonomy":"product_tag","embeddable":true,"href":"https:\/\/claireambiance.com\/en\/wp-json\/wp\/v2\/product_tag?post=17218"}],"curies":[{"name":"wp","href":"https:\/\/api.w.org\/{rel}","templated":true}]}}