{"id":17259,"date":"2026-01-29T18:24:33","date_gmt":"2026-01-29T17:24:33","guid":{"rendered":"https:\/\/claireambiance.com\/?post_type=product&#038;p=17259"},"modified":"2026-01-29T18:54:17","modified_gmt":"2026-01-29T17:54:17","slug":"vincent-open-air","status":"publish","type":"product","link":"https:\/\/claireambiance.com\/en\/produit\/vincent-open-air\/","title":{"rendered":"VINCENT OPEN AIR"},"content":{"rendered":"","protected":false},"excerpt":{"rendered":"<p>Meridiani explore de nouveaux horizons de confort et de style avec Vincent, le nouveau canap\u00e9 Open Air d&#8217;Andrea Parisio.<br \/>\nVincent est un produit d&#8217;ext\u00e9rieur cr\u00e9\u00e9 par l&#8217;embo\u00eetement d&#8217;un \u00e9l\u00e9ment d&#8217;assise aux dimensions g\u00e9n\u00e9reuses avec un dossier constitu\u00e9 d&#8217;une structure en acier et d&#8217;un \u00e9l\u00e9ment rembourr\u00e9 qui s&#8217;enroule autour d&#8217;une structure tubulaire en bois d&#8217;iroko. Le module de base de Vincent constitue l&#8217;\u00e9l\u00e9ment cl\u00e9 du projet : un &#8220;carreau&#8221; qui peut \u00eatre combin\u00e9 librement pour des compositions grandes ou petites, en ligne ou en angle, gr\u00e2ce \u00e9galement au pouf et \u00e0 l&#8217;\u00e9l\u00e9ment trap\u00e9zo\u00efdal, qui offre de plus grandes possibilit\u00e9s de personnalisation et de configuration. La chaise longue, disponible avec une assise ronde ou carr\u00e9e, compl\u00e8te la collection.<br \/>\nGr\u00e2ce \u00e0 sa grande modularit\u00e9 et \u00e0 l&#8217;utilisation habile de mat\u00e9riaux raffin\u00e9s, le canap\u00e9 Vincent se distingue par son esth\u00e9tique simple et essentielle, mais tr\u00e8s confortable, qui d\u00e9limite l&#8217;intimit\u00e9 typique d&#8217;un environnement int\u00e9rieur, m\u00eame en plein air.<\/p>\n","protected":false},"featured_media":17269,"template":"","meta":{"_acf_changed":false,"_et_pb_use_builder":"off","_et_pb_old_content":"","_et_gb_content_width":"","_monsterinsights_skip_tracking":false,"_monsterinsights_sitenote_active":false,"_monsterinsights_sitenote_note":"","_monsterinsights_sitenote_category":0},"product_brand":[],"product_cat":[38,39],"product_tag":[153,971],"class_list":{"0":"post-17259","1":"product","2":"type-product","3":"status-publish","4":"has-post-thumbnail","6":"product_cat-salons-exterieur","7":"product_cat-ultra-luxe","8":"product_tag-canape","9":"product_tag-canape-dangle","11":"first","12":"instock","13":"shipping-taxable","14":"purchasable","15":"product-type-simple"},"acf":[],"aioseo_notices":[],"_links":{"self":[{"href":"https:\/\/claireambiance.com\/en\/wp-json\/wp\/v2\/product\/17259","targetHints":{"allow":["GET"]}}],"collection":[{"href":"https:\/\/claireambiance.com\/en\/wp-json\/wp\/v2\/product"}],"about":[{"href":"https:\/\/claireambiance.com\/en\/wp-json\/wp\/v2\/types\/product"}],"wp:featuredmedia":[{"embeddable":true,"href":"https:\/\/claireambiance.com\/en\/wp-json\/wp\/v2\/media\/17269"}],"wp:attachment":[{"href":"https:\/\/claireambiance.com\/en\/wp-json\/wp\/v2\/media?parent=17259"}],"wp:term":[{"taxonomy":"product_brand","embeddable":true,"href":"https:\/\/claireambiance.com\/en\/wp-json\/wp\/v2\/product_brand?post=17259"},{"taxonomy":"product_cat","embeddable":true,"href":"https:\/\/claireambiance.com\/en\/wp-json\/wp\/v2\/product_cat?post=17259"},{"taxonomy":"product_tag","embeddable":true,"href":"https:\/\/claireambiance.com\/en\/wp-json\/wp\/v2\/product_tag?post=17259"}],"curies":[{"name":"wp","href":"https:\/\/api.w.org\/{rel}","templated":true}]}}