{"id":17352,"date":"2026-01-29T18:55:38","date_gmt":"2026-01-29T17:55:38","guid":{"rendered":"https:\/\/claireambiance.com\/?post_type=product&#038;p=17352"},"modified":"2026-01-29T19:05:30","modified_gmt":"2026-01-29T18:05:30","slug":"claud-open-air","status":"publish","type":"product","link":"https:\/\/claireambiance.com\/en\/produit\/claud-open-air\/","title":{"rendered":"CLAUD OPEN AIR"},"content":{"rendered":"","protected":false},"excerpt":{"rendered":"<p>la collection Claud Open Air se distingue par son design minimaliste et ses coussins moelleux. \u00c0 la fois chics et r\u00e9sistants, ces meubles sont r\u00e9alis\u00e9s en bois massif d\u2019Iroko avec de la peinture de protection. Des mat\u00e9riaux pr\u00e9cieux avec rembourrage moelleux pour profiter du salon et d&#8217;une oasis de tranquillit\u00e9, pour vous d\u00e9tendre en plein air.<\/p>\n","protected":false},"featured_media":17376,"template":"","meta":{"_acf_changed":false,"_et_pb_use_builder":"","_et_pb_old_content":"","_et_gb_content_width":"","_monsterinsights_skip_tracking":false,"_monsterinsights_sitenote_active":false,"_monsterinsights_sitenote_note":"","_monsterinsights_sitenote_category":0},"product_brand":[],"product_cat":[892,88],"product_tag":[967,966,965],"class_list":{"0":"post-17352","1":"product","2":"type-product","3":"status-publish","4":"has-post-thumbnail","6":"product_cat-daybed","7":"product_cat-daybed-bain-de-soleil","8":"product_tag-daybed","9":"product_tag-exterieur","10":"product_tag-tribu","12":"first","13":"instock","14":"shipping-taxable","15":"purchasable","16":"product-type-simple"},"acf":[],"aioseo_notices":[],"_links":{"self":[{"href":"https:\/\/claireambiance.com\/en\/wp-json\/wp\/v2\/product\/17352","targetHints":{"allow":["GET"]}}],"collection":[{"href":"https:\/\/claireambiance.com\/en\/wp-json\/wp\/v2\/product"}],"about":[{"href":"https:\/\/claireambiance.com\/en\/wp-json\/wp\/v2\/types\/product"}],"wp:featuredmedia":[{"embeddable":true,"href":"https:\/\/claireambiance.com\/en\/wp-json\/wp\/v2\/media\/17376"}],"wp:attachment":[{"href":"https:\/\/claireambiance.com\/en\/wp-json\/wp\/v2\/media?parent=17352"}],"wp:term":[{"taxonomy":"product_brand","embeddable":true,"href":"https:\/\/claireambiance.com\/en\/wp-json\/wp\/v2\/product_brand?post=17352"},{"taxonomy":"product_cat","embeddable":true,"href":"https:\/\/claireambiance.com\/en\/wp-json\/wp\/v2\/product_cat?post=17352"},{"taxonomy":"product_tag","embeddable":true,"href":"https:\/\/claireambiance.com\/en\/wp-json\/wp\/v2\/product_tag?post=17352"}],"curies":[{"name":"wp","href":"https:\/\/api.w.org\/{rel}","templated":true}]}}