{"id":17398,"date":"2026-01-29T19:08:53","date_gmt":"2026-01-29T18:08:53","guid":{"rendered":"https:\/\/claireambiance.com\/?post_type=product&#038;p=17398"},"modified":"2026-01-29T19:19:43","modified_gmt":"2026-01-29T18:19:43","slug":"canape-claud-open-air","status":"publish","type":"product","link":"https:\/\/claireambiance.com\/en\/produit\/canape-claud-open-air\/","title":{"rendered":"Canap\u00e9 Claud Open Air"},"content":{"rendered":"","protected":false},"excerpt":{"rendered":"<p>Canap\u00e9 modulable, fauteuil et lounge bed &#8211; disponible en version simple et double: la collection Claud Open Air se distingue par son design minimaliste et ses coussins moelleux. \u00c0 la fois chics et r\u00e9sistants, ces meubles sont r\u00e9alis\u00e9s en bois massif d\u2019Iroko avec de la peinture de protection. Des mat\u00e9riaux pr\u00e9cieux avec rembourrage moelleux pour profiter du salon et d&#8217;une oasis de tranquillit\u00e9, pour vous d\u00e9tendre en plein air.<\/p>\n","protected":false},"featured_media":17399,"template":"","meta":{"_acf_changed":false,"_et_pb_use_builder":"","_et_pb_old_content":"","_et_gb_content_width":"","_monsterinsights_skip_tracking":false,"_monsterinsights_sitenote_active":false,"_monsterinsights_sitenote_note":"","_monsterinsights_sitenote_category":0},"product_brand":[],"product_cat":[38,39],"product_tag":[966],"class_list":{"0":"post-17398","1":"product","2":"type-product","3":"status-publish","4":"has-post-thumbnail","6":"product_cat-salons-exterieur","7":"product_cat-ultra-luxe","8":"product_tag-exterieur","10":"first","11":"instock","12":"shipping-taxable","13":"purchasable","14":"product-type-simple"},"acf":[],"aioseo_notices":[],"_links":{"self":[{"href":"https:\/\/claireambiance.com\/en\/wp-json\/wp\/v2\/product\/17398","targetHints":{"allow":["GET"]}}],"collection":[{"href":"https:\/\/claireambiance.com\/en\/wp-json\/wp\/v2\/product"}],"about":[{"href":"https:\/\/claireambiance.com\/en\/wp-json\/wp\/v2\/types\/product"}],"wp:featuredmedia":[{"embeddable":true,"href":"https:\/\/claireambiance.com\/en\/wp-json\/wp\/v2\/media\/17399"}],"wp:attachment":[{"href":"https:\/\/claireambiance.com\/en\/wp-json\/wp\/v2\/media?parent=17398"}],"wp:term":[{"taxonomy":"product_brand","embeddable":true,"href":"https:\/\/claireambiance.com\/en\/wp-json\/wp\/v2\/product_brand?post=17398"},{"taxonomy":"product_cat","embeddable":true,"href":"https:\/\/claireambiance.com\/en\/wp-json\/wp\/v2\/product_cat?post=17398"},{"taxonomy":"product_tag","embeddable":true,"href":"https:\/\/claireambiance.com\/en\/wp-json\/wp\/v2\/product_tag?post=17398"}],"curies":[{"name":"wp","href":"https:\/\/api.w.org\/{rel}","templated":true}]}}