{"id":17453,"date":"2026-01-29T19:38:21","date_gmt":"2026-01-29T18:38:21","guid":{"rendered":"https:\/\/claireambiance.com\/?post_type=product&#038;p=17453"},"modified":"2026-01-29T21:22:32","modified_gmt":"2026-01-29T20:22:32","slug":"canape-roger-ghost","status":"publish","type":"product","link":"https:\/\/claireambiance.com\/en\/produit\/canape-roger-ghost\/","title":{"rendered":"CANAPE ROGER GHOST"},"content":{"rendered":"","protected":false},"excerpt":{"rendered":"<p>Roger Ghost est un canap\u00e9 lin\u00e9aire issu du syst\u00e8me de si\u00e8ges modulaires Roger, avec lequel il partage le concept original: accueillant par son \u00ab \u00eatre simple \u201c &#8211; \u00e9tymologiquement, \u201d \u00eatre pli\u00e9 une seule fois \u00bb -, avec une surface continue, presque ininterrompue, qui change de direction pour envelopper de mani\u00e8re rassurante, dans une \u00e9l\u00e9gance con\u00e7ue par des lignes essentielles et douces.<br \/>\nLa housse, dont les coutures sont habilement model\u00e9es, tombe librement et amplifie la douceur visuelle du produit, en s&#8217;harmonisant avec le dossier et les coussins d\u00e9coratifs r\u00e9alis\u00e9s avec un motif en forme de caisse \u00e0 savon.<\/p>\n","protected":false},"featured_media":17456,"template":"","meta":{"_acf_changed":false,"_et_pb_use_builder":"","_et_pb_old_content":"","_et_gb_content_width":"","_monsterinsights_skip_tracking":false,"_monsterinsights_sitenote_active":false,"_monsterinsights_sitenote_note":"","_monsterinsights_sitenote_category":0},"product_brand":[],"product_cat":[162,178],"product_tag":[159],"class_list":{"0":"post-17453","1":"product","2":"type-product","3":"status-publish","4":"has-post-thumbnail","6":"product_cat-canapes-et-salons-interieur","7":"product_cat-classique","8":"product_tag-gervasoni","10":"first","11":"instock","12":"shipping-taxable","13":"purchasable","14":"product-type-variable"},"acf":[],"aioseo_notices":[],"_links":{"self":[{"href":"https:\/\/claireambiance.com\/en\/wp-json\/wp\/v2\/product\/17453","targetHints":{"allow":["GET"]}}],"collection":[{"href":"https:\/\/claireambiance.com\/en\/wp-json\/wp\/v2\/product"}],"about":[{"href":"https:\/\/claireambiance.com\/en\/wp-json\/wp\/v2\/types\/product"}],"wp:featuredmedia":[{"embeddable":true,"href":"https:\/\/claireambiance.com\/en\/wp-json\/wp\/v2\/media\/17456"}],"wp:attachment":[{"href":"https:\/\/claireambiance.com\/en\/wp-json\/wp\/v2\/media?parent=17453"}],"wp:term":[{"taxonomy":"product_brand","embeddable":true,"href":"https:\/\/claireambiance.com\/en\/wp-json\/wp\/v2\/product_brand?post=17453"},{"taxonomy":"product_cat","embeddable":true,"href":"https:\/\/claireambiance.com\/en\/wp-json\/wp\/v2\/product_cat?post=17453"},{"taxonomy":"product_tag","embeddable":true,"href":"https:\/\/claireambiance.com\/en\/wp-json\/wp\/v2\/product_tag?post=17453"}],"curies":[{"name":"wp","href":"https:\/\/api.w.org\/{rel}","templated":true}]}}