{"id":17515,"date":"2026-03-03T21:14:36","date_gmt":"2026-03-03T20:14:36","guid":{"rendered":"https:\/\/claireambiance.com\/?post_type=product&#038;p=17515"},"modified":"2026-03-04T20:57:02","modified_gmt":"2026-03-04T19:57:02","slug":"canape-azura","status":"publish","type":"product","link":"https:\/\/claireambiance.com\/en\/produit\/canape-azura\/","title":{"rendered":"CANAPE AZURA"},"content":{"rendered":"","protected":false},"excerpt":{"rendered":"<p>Le salon lounge AZURA allie design, modules modulaires et mat\u00e9riaux naturels. Fabriqu\u00e9 en teck de haute qualit\u00e9 et \u00e9quip\u00e9 de coussins doux couleur shell, ce salon offre un confort optimal pour votre jardin ou votre terrasse. Vous pouvez positionner les dossiers comme vous le souhaitez !<\/p>\n","protected":false},"featured_media":17519,"template":"","meta":{"_acf_changed":false,"_et_pb_use_builder":"","_et_pb_old_content":"","_et_gb_content_width":"","_monsterinsights_skip_tracking":false,"_monsterinsights_sitenote_active":false,"_monsterinsights_sitenote_note":"","_monsterinsights_sitenote_category":0},"product_brand":[],"product_cat":[893,88,57,38],"product_tag":[],"class_list":{"0":"post-17515","1":"product","2":"type-product","3":"status-publish","4":"has-post-thumbnail","6":"product_cat-bains-de-soleil","7":"product_cat-daybed-bain-de-soleil","8":"product_cat-indispensables","9":"product_cat-salons-exterieur","11":"first","12":"instock","13":"shipping-taxable","14":"purchasable","15":"product-type-variable"},"acf":[],"aioseo_notices":[],"_links":{"self":[{"href":"https:\/\/claireambiance.com\/en\/wp-json\/wp\/v2\/product\/17515","targetHints":{"allow":["GET"]}}],"collection":[{"href":"https:\/\/claireambiance.com\/en\/wp-json\/wp\/v2\/product"}],"about":[{"href":"https:\/\/claireambiance.com\/en\/wp-json\/wp\/v2\/types\/product"}],"wp:featuredmedia":[{"embeddable":true,"href":"https:\/\/claireambiance.com\/en\/wp-json\/wp\/v2\/media\/17519"}],"wp:attachment":[{"href":"https:\/\/claireambiance.com\/en\/wp-json\/wp\/v2\/media?parent=17515"}],"wp:term":[{"taxonomy":"product_brand","embeddable":true,"href":"https:\/\/claireambiance.com\/en\/wp-json\/wp\/v2\/product_brand?post=17515"},{"taxonomy":"product_cat","embeddable":true,"href":"https:\/\/claireambiance.com\/en\/wp-json\/wp\/v2\/product_cat?post=17515"},{"taxonomy":"product_tag","embeddable":true,"href":"https:\/\/claireambiance.com\/en\/wp-json\/wp\/v2\/product_tag?post=17515"}],"curies":[{"name":"wp","href":"https:\/\/api.w.org\/{rel}","templated":true}]}}