{"id":17540,"date":"2026-03-04T20:27:37","date_gmt":"2026-03-04T19:27:37","guid":{"rendered":"https:\/\/claireambiance.com\/?post_type=product&#038;p=17540"},"modified":"2026-03-04T20:39:15","modified_gmt":"2026-03-04T19:39:15","slug":"canape-ruby","status":"publish","type":"product","link":"https:\/\/claireambiance.com\/en\/produit\/canape-ruby\/","title":{"rendered":"CANAPE RUBY"},"content":{"rendered":"","protected":false},"excerpt":{"rendered":"<p>Le canap\u00e9 Ruby incarne une vision contemporaine du mobilier outdoor : des lignes arrondies, douces et organiques qui invitent naturellement \u00e0 la d\u00e9tente. Son design sculptural apporte une pr\u00e9sence \u00e9l\u00e9gante et chaleureuse \u00e0 une terrasse, un jardin ou un bord de piscine.<\/p>\n","protected":false},"featured_media":17544,"template":"","meta":{"_acf_changed":false,"_et_pb_use_builder":"","_et_pb_old_content":"","_et_gb_content_width":"","_monsterinsights_skip_tracking":false,"_monsterinsights_sitenote_active":false,"_monsterinsights_sitenote_note":"","_monsterinsights_sitenote_category":0},"product_brand":[],"product_cat":[175,38],"product_tag":[],"class_list":{"0":"post-17540","1":"product","2":"type-product","3":"status-publish","4":"has-post-thumbnail","6":"product_cat-luxe","7":"product_cat-salons-exterieur","9":"first","10":"instock","11":"shipping-taxable","12":"purchasable","13":"product-type-variable"},"acf":[],"aioseo_notices":[],"_links":{"self":[{"href":"https:\/\/claireambiance.com\/en\/wp-json\/wp\/v2\/product\/17540","targetHints":{"allow":["GET"]}}],"collection":[{"href":"https:\/\/claireambiance.com\/en\/wp-json\/wp\/v2\/product"}],"about":[{"href":"https:\/\/claireambiance.com\/en\/wp-json\/wp\/v2\/types\/product"}],"wp:featuredmedia":[{"embeddable":true,"href":"https:\/\/claireambiance.com\/en\/wp-json\/wp\/v2\/media\/17544"}],"wp:attachment":[{"href":"https:\/\/claireambiance.com\/en\/wp-json\/wp\/v2\/media?parent=17540"}],"wp:term":[{"taxonomy":"product_brand","embeddable":true,"href":"https:\/\/claireambiance.com\/en\/wp-json\/wp\/v2\/product_brand?post=17540"},{"taxonomy":"product_cat","embeddable":true,"href":"https:\/\/claireambiance.com\/en\/wp-json\/wp\/v2\/product_cat?post=17540"},{"taxonomy":"product_tag","embeddable":true,"href":"https:\/\/claireambiance.com\/en\/wp-json\/wp\/v2\/product_tag?post=17540"}],"curies":[{"name":"wp","href":"https:\/\/api.w.org\/{rel}","templated":true}]}}