{"id":17556,"date":"2026-03-04T20:41:27","date_gmt":"2026-03-04T19:41:27","guid":{"rendered":"https:\/\/claireambiance.com\/?post_type=product&#038;p=17556"},"modified":"2026-03-04T20:56:16","modified_gmt":"2026-03-04T19:56:16","slug":"canape-mandosa","status":"publish","type":"product","link":"https:\/\/claireambiance.com\/en\/produit\/canape-mandosa\/","title":{"rendered":"CANAPE MANDOSA"},"content":{"rendered":"","protected":false},"excerpt":{"rendered":"<p>Le salon Mandosa s\u00e9duit par son style \u00e0 la fois \u00e9l\u00e9gant, l\u00e9ger et chaleureux, parfaitement adapt\u00e9 aux terrasses contemporaines. Son design associe une structure en aluminium r\u00e9sistante aux conditions ext\u00e9rieures \u00e0 un tressage de cordes sp\u00e9cialement con\u00e7ues pour l\u2019ext\u00e9rieur, apportant texture, confort et raffinement.<\/p>\n","protected":false},"featured_media":17571,"template":"","meta":{"_acf_changed":false,"_et_pb_use_builder":"","_et_pb_old_content":"","_et_gb_content_width":"","_monsterinsights_skip_tracking":false,"_monsterinsights_sitenote_active":false,"_monsterinsights_sitenote_note":"","_monsterinsights_sitenote_category":0},"product_brand":[],"product_cat":[57,38],"product_tag":[],"class_list":{"0":"post-17556","1":"product","2":"type-product","3":"status-publish","4":"has-post-thumbnail","6":"product_cat-indispensables","7":"product_cat-salons-exterieur","9":"first","10":"instock","11":"shipping-taxable","12":"purchasable","13":"product-type-variable"},"acf":[],"aioseo_notices":[],"_links":{"self":[{"href":"https:\/\/claireambiance.com\/en\/wp-json\/wp\/v2\/product\/17556","targetHints":{"allow":["GET"]}}],"collection":[{"href":"https:\/\/claireambiance.com\/en\/wp-json\/wp\/v2\/product"}],"about":[{"href":"https:\/\/claireambiance.com\/en\/wp-json\/wp\/v2\/types\/product"}],"wp:featuredmedia":[{"embeddable":true,"href":"https:\/\/claireambiance.com\/en\/wp-json\/wp\/v2\/media\/17571"}],"wp:attachment":[{"href":"https:\/\/claireambiance.com\/en\/wp-json\/wp\/v2\/media?parent=17556"}],"wp:term":[{"taxonomy":"product_brand","embeddable":true,"href":"https:\/\/claireambiance.com\/en\/wp-json\/wp\/v2\/product_brand?post=17556"},{"taxonomy":"product_cat","embeddable":true,"href":"https:\/\/claireambiance.com\/en\/wp-json\/wp\/v2\/product_cat?post=17556"},{"taxonomy":"product_tag","embeddable":true,"href":"https:\/\/claireambiance.com\/en\/wp-json\/wp\/v2\/product_tag?post=17556"}],"curies":[{"name":"wp","href":"https:\/\/api.w.org\/{rel}","templated":true}]}}