{"id":17573,"date":"2026-03-04T20:58:42","date_gmt":"2026-03-04T19:58:42","guid":{"rendered":"https:\/\/claireambiance.com\/?post_type=product&#038;p=17573"},"modified":"2026-03-04T21:19:49","modified_gmt":"2026-03-04T20:19:49","slug":"salon-rafa","status":"publish","type":"product","link":"https:\/\/claireambiance.com\/en\/produit\/salon-rafa\/","title":{"rendered":"SALON RAFA"},"content":{"rendered":"","protected":false},"excerpt":{"rendered":"<p>Le canap\u00e9 Rafa incarne l\u2019\u00e9l\u00e9gance d\u2019un mobilier outdoor au design \u00e9pur\u00e9 et architectural. Ses lignes droites et anguleuses associ\u00e9es \u00e0 une structure en teck premium lui conf\u00e8rent une allure r\u00e9solument moderne, parfaitement adapt\u00e9e aux terrasses contemporaines et aux espaces ext\u00e9rieurs haut de gamme.<\/p>\n<p>Pens\u00e9 comme un v\u00e9ritable syst\u00e8me modulaire, le Rafa s\u2019adapte \u00e0 toutes les configurations : canap\u00e9 droit, canap\u00e9 d\u2019angle, fauteuil ind\u00e9pendant ou encore m\u00e9ridienne pour cr\u00e9er un espace lounge sur mesure. Cette modularit\u00e9 permet de composer facilement un salon ext\u00e9rieur adapt\u00e9 \u00e0 votre espace et \u00e0 vos envies.<\/p>\n","protected":false},"featured_media":17598,"template":"","meta":{"_acf_changed":false,"_et_pb_use_builder":"","_et_pb_old_content":"","_et_gb_content_width":"","_monsterinsights_skip_tracking":false,"_monsterinsights_sitenote_active":false,"_monsterinsights_sitenote_note":"","_monsterinsights_sitenote_category":0},"product_brand":[],"product_cat":[57,38],"product_tag":[],"class_list":{"0":"post-17573","1":"product","2":"type-product","3":"status-publish","4":"has-post-thumbnail","6":"product_cat-indispensables","7":"product_cat-salons-exterieur","9":"first","10":"instock","11":"shipping-taxable","12":"purchasable","13":"product-type-variable"},"acf":[],"aioseo_notices":[],"_links":{"self":[{"href":"https:\/\/claireambiance.com\/en\/wp-json\/wp\/v2\/product\/17573","targetHints":{"allow":["GET"]}}],"collection":[{"href":"https:\/\/claireambiance.com\/en\/wp-json\/wp\/v2\/product"}],"about":[{"href":"https:\/\/claireambiance.com\/en\/wp-json\/wp\/v2\/types\/product"}],"wp:featuredmedia":[{"embeddable":true,"href":"https:\/\/claireambiance.com\/en\/wp-json\/wp\/v2\/media\/17598"}],"wp:attachment":[{"href":"https:\/\/claireambiance.com\/en\/wp-json\/wp\/v2\/media?parent=17573"}],"wp:term":[{"taxonomy":"product_brand","embeddable":true,"href":"https:\/\/claireambiance.com\/en\/wp-json\/wp\/v2\/product_brand?post=17573"},{"taxonomy":"product_cat","embeddable":true,"href":"https:\/\/claireambiance.com\/en\/wp-json\/wp\/v2\/product_cat?post=17573"},{"taxonomy":"product_tag","embeddable":true,"href":"https:\/\/claireambiance.com\/en\/wp-json\/wp\/v2\/product_tag?post=17573"}],"curies":[{"name":"wp","href":"https:\/\/api.w.org\/{rel}","templated":true}]}}