{"id":1762,"date":"2022-09-14T13:40:22","date_gmt":"2022-09-14T11:40:22","guid":{"rendered":"https:\/\/new.claireambiance.com\/?post_type=product&#038;p=1762"},"modified":"2023-02-15T16:13:16","modified_gmt":"2023-02-15T15:13:16","slug":"sunday","status":"publish","type":"product","link":"https:\/\/claireambiance.com\/en\/produit\/sunday\/","title":{"rendered":"SUSPENSION SUNDAY"},"content":{"rendered":"","protected":false},"excerpt":{"rendered":"<p>L&#8217;extr\u00eame \u00e9l\u00e9gance et la simplicit\u00e9 formelle de Sunday by Slide Studio exaltent encore plus les effets de la lumi\u00e8re dans la pi\u00e8ce dans laquelle il se trouve.<\/p>\n","protected":false},"featured_media":1769,"template":"","meta":{"_acf_changed":false,"_et_pb_use_builder":"","_et_pb_old_content":"","_et_gb_content_width":"","_monsterinsights_skip_tracking":false,"_monsterinsights_sitenote_active":false,"_monsterinsights_sitenote_note":"","_monsterinsights_sitenote_category":0},"product_brand":[],"product_cat":[140,24],"product_tag":[208],"class_list":{"0":"post-1762","1":"product","2":"type-product","3":"status-publish","4":"has-post-thumbnail","6":"product_cat-luminaires","7":"product_cat-suspensions","8":"product_tag-slide-studio","10":"first","11":"instock","12":"shipping-taxable","13":"purchasable","14":"product-type-variable"},"acf":[],"aioseo_notices":[],"_links":{"self":[{"href":"https:\/\/claireambiance.com\/en\/wp-json\/wp\/v2\/product\/1762","targetHints":{"allow":["GET"]}}],"collection":[{"href":"https:\/\/claireambiance.com\/en\/wp-json\/wp\/v2\/product"}],"about":[{"href":"https:\/\/claireambiance.com\/en\/wp-json\/wp\/v2\/types\/product"}],"wp:featuredmedia":[{"embeddable":true,"href":"https:\/\/claireambiance.com\/en\/wp-json\/wp\/v2\/media\/1769"}],"wp:attachment":[{"href":"https:\/\/claireambiance.com\/en\/wp-json\/wp\/v2\/media?parent=1762"}],"wp:term":[{"taxonomy":"product_brand","embeddable":true,"href":"https:\/\/claireambiance.com\/en\/wp-json\/wp\/v2\/product_brand?post=1762"},{"taxonomy":"product_cat","embeddable":true,"href":"https:\/\/claireambiance.com\/en\/wp-json\/wp\/v2\/product_cat?post=1762"},{"taxonomy":"product_tag","embeddable":true,"href":"https:\/\/claireambiance.com\/en\/wp-json\/wp\/v2\/product_tag?post=1762"}],"curies":[{"name":"wp","href":"https:\/\/api.w.org\/{rel}","templated":true}]}}