{"id":17622,"date":"2026-03-04T21:27:39","date_gmt":"2026-03-04T20:27:39","guid":{"rendered":"https:\/\/claireambiance.com\/?post_type=product&#038;p=17622"},"modified":"2026-03-04T21:36:49","modified_gmt":"2026-03-04T20:36:49","slug":"table-romero-150x150","status":"publish","type":"product","link":"https:\/\/claireambiance.com\/en\/produit\/table-romero-150x150\/","title":{"rendered":"TABLE ROMERO 150&#215;150"},"content":{"rendered":"","protected":false},"excerpt":{"rendered":"<p>La table Romero s\u00e9duit par son design doux et contemporain. Avec sa forme carr\u00e9e aux angles arrondis, presque ronde, elle apporte une sensation de fluidit\u00e9 et de convivialit\u00e9 autour de la table. Son format g\u00e9n\u00e9reux de 150 \u00d7 150 cm est id\u00e9al pour accueillir famille et amis tout en conservant une circulation agr\u00e9able sur la terrasse.<\/p>\n<p>Son pied central en aluminium couleur lin lui conf\u00e8re une silhouette \u00e9l\u00e9gante et l\u00e9g\u00e8re tout en garantissant une excellente r\u00e9sistance aux conditions ext\u00e9rieures. Le plateau en c\u00e9ramique effet travertin apporte quant \u00e0 lui une touche min\u00e9rale tr\u00e8s actuelle : il est r\u00e9sistant aux UV, aux rayures, \u00e0 la chaleur et particuli\u00e8rement facile \u00e0 entretenir.<\/p>\n","protected":false},"featured_media":17623,"template":"","meta":{"_acf_changed":false,"_et_pb_use_builder":"","_et_pb_old_content":"","_et_gb_content_width":"","_monsterinsights_skip_tracking":false,"_monsterinsights_sitenote_active":false,"_monsterinsights_sitenote_note":"","_monsterinsights_sitenote_category":0},"product_brand":[],"product_cat":[136,135],"product_tag":[216],"class_list":{"0":"post-17622","1":"product","2":"type-product","3":"status-publish","4":"has-post-thumbnail","6":"product_cat-table-salle-a-manger","7":"product_cat-table","8":"product_tag-claire-ambiance","10":"first","11":"instock","12":"shipping-taxable","13":"purchasable","14":"product-type-variable"},"acf":[],"aioseo_notices":[],"_links":{"self":[{"href":"https:\/\/claireambiance.com\/en\/wp-json\/wp\/v2\/product\/17622","targetHints":{"allow":["GET"]}}],"collection":[{"href":"https:\/\/claireambiance.com\/en\/wp-json\/wp\/v2\/product"}],"about":[{"href":"https:\/\/claireambiance.com\/en\/wp-json\/wp\/v2\/types\/product"}],"wp:featuredmedia":[{"embeddable":true,"href":"https:\/\/claireambiance.com\/en\/wp-json\/wp\/v2\/media\/17623"}],"wp:attachment":[{"href":"https:\/\/claireambiance.com\/en\/wp-json\/wp\/v2\/media?parent=17622"}],"wp:term":[{"taxonomy":"product_brand","embeddable":true,"href":"https:\/\/claireambiance.com\/en\/wp-json\/wp\/v2\/product_brand?post=17622"},{"taxonomy":"product_cat","embeddable":true,"href":"https:\/\/claireambiance.com\/en\/wp-json\/wp\/v2\/product_cat?post=17622"},{"taxonomy":"product_tag","embeddable":true,"href":"https:\/\/claireambiance.com\/en\/wp-json\/wp\/v2\/product_tag?post=17622"}],"curies":[{"name":"wp","href":"https:\/\/api.w.org\/{rel}","templated":true}]}}