{"id":17631,"date":"2026-03-05T00:07:21","date_gmt":"2026-03-04T23:07:21","guid":{"rendered":"https:\/\/claireambiance.com\/?post_type=product&#038;p=17631"},"modified":"2026-03-05T00:25:36","modified_gmt":"2026-03-04T23:25:36","slug":"table-paola-navone","status":"publish","type":"product","link":"https:\/\/claireambiance.com\/en\/produit\/table-paola-navone\/","title":{"rendered":"TABLE PAOLA NAVONE"},"content":{"rendered":"","protected":false},"excerpt":{"rendered":"<p>Imagin\u00e9e par la designer internationale Paola Navone, cette table ronde au design sculptural apporte une touche d\u2019\u00e9l\u00e9gance contemporaine aux espaces ext\u00e9rieurs.<br \/>\nSon pi\u00e8tement central en b\u00e9ton effet craquel\u00e9 attire imm\u00e9diatement le regard. Sa forme arrondie et textur\u00e9e lui donne un aspect min\u00e9ral et architectural, tout en garantissant une grande stabilit\u00e9.<br \/>\nLe plateau en marbre blanc de Carrare, reconnu pour sa noblesse et ses veinures naturelles, cr\u00e9e un contraste raffin\u00e9 avec la mati\u00e8re brute du pi\u00e8tement. Chaque table poss\u00e8de ainsi un caract\u00e8re unique.<\/p>\n","protected":false},"featured_media":17638,"template":"","meta":{"_acf_changed":false,"_et_pb_use_builder":"","_et_pb_old_content":"","_et_gb_content_width":"","_monsterinsights_skip_tracking":false,"_monsterinsights_sitenote_active":false,"_monsterinsights_sitenote_note":"","_monsterinsights_sitenote_category":0},"product_brand":[],"product_cat":[136,135],"product_tag":[216],"class_list":{"0":"post-17631","1":"product","2":"type-product","3":"status-publish","4":"has-post-thumbnail","6":"product_cat-table-salle-a-manger","7":"product_cat-table","8":"product_tag-claire-ambiance","10":"first","11":"instock","12":"shipping-taxable","13":"purchasable","14":"product-type-variable"},"acf":[],"aioseo_notices":[],"_links":{"self":[{"href":"https:\/\/claireambiance.com\/en\/wp-json\/wp\/v2\/product\/17631","targetHints":{"allow":["GET"]}}],"collection":[{"href":"https:\/\/claireambiance.com\/en\/wp-json\/wp\/v2\/product"}],"about":[{"href":"https:\/\/claireambiance.com\/en\/wp-json\/wp\/v2\/types\/product"}],"wp:featuredmedia":[{"embeddable":true,"href":"https:\/\/claireambiance.com\/en\/wp-json\/wp\/v2\/media\/17638"}],"wp:attachment":[{"href":"https:\/\/claireambiance.com\/en\/wp-json\/wp\/v2\/media?parent=17631"}],"wp:term":[{"taxonomy":"product_brand","embeddable":true,"href":"https:\/\/claireambiance.com\/en\/wp-json\/wp\/v2\/product_brand?post=17631"},{"taxonomy":"product_cat","embeddable":true,"href":"https:\/\/claireambiance.com\/en\/wp-json\/wp\/v2\/product_cat?post=17631"},{"taxonomy":"product_tag","embeddable":true,"href":"https:\/\/claireambiance.com\/en\/wp-json\/wp\/v2\/product_tag?post=17631"}],"curies":[{"name":"wp","href":"https:\/\/api.w.org\/{rel}","templated":true}]}}