{"id":17666,"date":"2026-03-05T01:00:10","date_gmt":"2026-03-05T00:00:10","guid":{"rendered":"https:\/\/claireambiance.com\/?post_type=product&#038;p=17666"},"modified":"2026-03-05T01:07:02","modified_gmt":"2026-03-05T00:07:02","slug":"table-moon","status":"publish","type":"product","link":"https:\/\/claireambiance.com\/en\/produit\/table-moon\/","title":{"rendered":"TABLE MOON"},"content":{"rendered":"","protected":false},"excerpt":{"rendered":"<p>La table Moon s\u00e9duit par son caract\u00e8re sculptural et l\u2019audace de son association de mat\u00e9riaux. Imagin\u00e9e par la designer Paola Navone, elle incarne une esth\u00e9tique forte o\u00f9 l\u2019artisanat et le design contemporain se rencontrent.<\/p>\n<p>Son pi\u00e8tement en forme d\u2019amphore, r\u00e9alis\u00e9 en c\u00e9ramique bleue, constitue la signature de cette table. La surface volontairement textur\u00e9e et irr\u00e9guli\u00e8re est obtenue gr\u00e2ce \u00e0 un travail sp\u00e9cifique de finition, qui met en valeur la mati\u00e8re et donne \u00e0 chaque pi\u00e8ce un aspect unique, presque artisanal.<\/p>\n","protected":false},"featured_media":17676,"template":"","meta":{"_acf_changed":false,"_et_pb_use_builder":"","_et_pb_old_content":"","_et_gb_content_width":"","_monsterinsights_skip_tracking":false,"_monsterinsights_sitenote_active":false,"_monsterinsights_sitenote_note":"","_monsterinsights_sitenote_category":0},"product_brand":[],"product_cat":[136,135],"product_tag":[216],"class_list":{"0":"post-17666","1":"product","2":"type-product","3":"status-publish","4":"has-post-thumbnail","6":"product_cat-table-salle-a-manger","7":"product_cat-table","8":"product_tag-claire-ambiance","10":"first","11":"instock","12":"shipping-taxable","13":"purchasable","14":"product-type-variable"},"acf":[],"aioseo_notices":[],"_links":{"self":[{"href":"https:\/\/claireambiance.com\/en\/wp-json\/wp\/v2\/product\/17666","targetHints":{"allow":["GET"]}}],"collection":[{"href":"https:\/\/claireambiance.com\/en\/wp-json\/wp\/v2\/product"}],"about":[{"href":"https:\/\/claireambiance.com\/en\/wp-json\/wp\/v2\/types\/product"}],"wp:featuredmedia":[{"embeddable":true,"href":"https:\/\/claireambiance.com\/en\/wp-json\/wp\/v2\/media\/17676"}],"wp:attachment":[{"href":"https:\/\/claireambiance.com\/en\/wp-json\/wp\/v2\/media?parent=17666"}],"wp:term":[{"taxonomy":"product_brand","embeddable":true,"href":"https:\/\/claireambiance.com\/en\/wp-json\/wp\/v2\/product_brand?post=17666"},{"taxonomy":"product_cat","embeddable":true,"href":"https:\/\/claireambiance.com\/en\/wp-json\/wp\/v2\/product_cat?post=17666"},{"taxonomy":"product_tag","embeddable":true,"href":"https:\/\/claireambiance.com\/en\/wp-json\/wp\/v2\/product_tag?post=17666"}],"curies":[{"name":"wp","href":"https:\/\/api.w.org\/{rel}","templated":true}]}}