{"id":1787,"date":"2022-09-14T13:40:27","date_gmt":"2022-09-14T11:40:27","guid":{"rendered":"https:\/\/new.claireambiance.com\/?post_type=product&#038;p=1787"},"modified":"2023-02-15T20:37:56","modified_gmt":"2023-02-15T19:37:56","slug":"canape-mara-by-slide","status":"publish","type":"product","link":"https:\/\/claireambiance.com\/en\/produit\/canape-mara-by-slide\/","title":{"rendered":"CANAP\u00c9 MARA BY SLIDE"},"content":{"rendered":"","protected":false},"excerpt":{"rendered":"<p>Le Mara Sofa est un canap\u00e9 \u00e0 deux places con\u00e7u par Lorenza Bozzoli. Sa texture unique recouvre toute la structure, inspir\u00e9e du tissage \u00e0 la main du cuir.<\/p>\n","protected":false},"featured_media":1807,"template":"","meta":{"_acf_changed":false,"_et_pb_use_builder":"","_et_pb_old_content":"","_et_gb_content_width":"","_monsterinsights_skip_tracking":false,"_monsterinsights_sitenote_active":false,"_monsterinsights_sitenote_note":"","_monsterinsights_sitenote_category":0},"product_brand":[],"product_cat":[175,38],"product_tag":[208],"class_list":{"0":"post-1787","1":"product","2":"type-product","3":"status-publish","4":"has-post-thumbnail","6":"product_cat-luxe","7":"product_cat-salons-exterieur","8":"product_tag-slide-studio","10":"first","11":"instock","12":"shipping-taxable","13":"purchasable","14":"product-type-variable","15":"has-default-attributes"},"acf":[],"aioseo_notices":[],"_links":{"self":[{"href":"https:\/\/claireambiance.com\/en\/wp-json\/wp\/v2\/product\/1787","targetHints":{"allow":["GET"]}}],"collection":[{"href":"https:\/\/claireambiance.com\/en\/wp-json\/wp\/v2\/product"}],"about":[{"href":"https:\/\/claireambiance.com\/en\/wp-json\/wp\/v2\/types\/product"}],"wp:featuredmedia":[{"embeddable":true,"href":"https:\/\/claireambiance.com\/en\/wp-json\/wp\/v2\/media\/1807"}],"wp:attachment":[{"href":"https:\/\/claireambiance.com\/en\/wp-json\/wp\/v2\/media?parent=1787"}],"wp:term":[{"taxonomy":"product_brand","embeddable":true,"href":"https:\/\/claireambiance.com\/en\/wp-json\/wp\/v2\/product_brand?post=1787"},{"taxonomy":"product_cat","embeddable":true,"href":"https:\/\/claireambiance.com\/en\/wp-json\/wp\/v2\/product_cat?post=1787"},{"taxonomy":"product_tag","embeddable":true,"href":"https:\/\/claireambiance.com\/en\/wp-json\/wp\/v2\/product_tag?post=1787"}],"curies":[{"name":"wp","href":"https:\/\/api.w.org\/{rel}","templated":true}]}}