{"id":1826,"date":"2022-09-14T13:40:32","date_gmt":"2022-09-14T11:40:32","guid":{"rendered":"https:\/\/new.claireambiance.com\/?post_type=product&#038;p=1826"},"modified":"2023-02-15T20:32:07","modified_gmt":"2023-02-15T19:32:07","slug":"salon-modulable-by-ramon-esteve","status":"publish","type":"product","link":"https:\/\/claireambiance.com\/en\/produit\/salon-modulable-by-ramon-esteve\/","title":{"rendered":"SALON DE JARDIN MODULABLE ULM BY RAMON ESTEVE"},"content":{"rendered":"","protected":false},"excerpt":{"rendered":"<p>Mobilier con\u00e7u pour l&#8217;int\u00e9rieur et l&#8217;ext\u00e9rieur.\u00a0Choisissez un nombre de module infini pour cr\u00e9er des canap\u00e9s d&#8217;angle ou des canap\u00e9s plus long avec ou sans accoudoir.<\/p>\n","protected":false},"featured_media":1842,"template":"","meta":{"_acf_changed":false,"_et_pb_use_builder":"","_et_pb_old_content":"","_et_gb_content_width":"","_monsterinsights_skip_tracking":false,"_monsterinsights_sitenote_active":false,"_monsterinsights_sitenote_note":"","_monsterinsights_sitenote_category":0},"product_brand":[],"product_cat":[57,38],"product_tag":[105],"class_list":{"0":"post-1826","1":"product","2":"type-product","3":"status-publish","4":"has-post-thumbnail","6":"product_cat-indispensables","7":"product_cat-salons-exterieur","8":"product_tag-vondom","10":"first","11":"instock","12":"shipping-taxable","13":"purchasable","14":"product-type-variable"},"acf":[],"aioseo_notices":[],"_links":{"self":[{"href":"https:\/\/claireambiance.com\/en\/wp-json\/wp\/v2\/product\/1826","targetHints":{"allow":["GET"]}}],"collection":[{"href":"https:\/\/claireambiance.com\/en\/wp-json\/wp\/v2\/product"}],"about":[{"href":"https:\/\/claireambiance.com\/en\/wp-json\/wp\/v2\/types\/product"}],"wp:featuredmedia":[{"embeddable":true,"href":"https:\/\/claireambiance.com\/en\/wp-json\/wp\/v2\/media\/1842"}],"wp:attachment":[{"href":"https:\/\/claireambiance.com\/en\/wp-json\/wp\/v2\/media?parent=1826"}],"wp:term":[{"taxonomy":"product_brand","embeddable":true,"href":"https:\/\/claireambiance.com\/en\/wp-json\/wp\/v2\/product_brand?post=1826"},{"taxonomy":"product_cat","embeddable":true,"href":"https:\/\/claireambiance.com\/en\/wp-json\/wp\/v2\/product_cat?post=1826"},{"taxonomy":"product_tag","embeddable":true,"href":"https:\/\/claireambiance.com\/en\/wp-json\/wp\/v2\/product_tag?post=1826"}],"curies":[{"name":"wp","href":"https:\/\/api.w.org\/{rel}","templated":true}]}}