{"id":1903,"date":"2022-09-14T13:40:48","date_gmt":"2022-09-14T11:40:48","guid":{"rendered":"https:\/\/new.claireambiance.com\/?post_type=product&#038;p=1903"},"modified":"2023-01-13T20:28:07","modified_gmt":"2023-01-13T19:28:07","slug":"break-line-bar-by-slide","status":"publish","type":"product","link":"https:\/\/claireambiance.com\/en\/produit\/break-line-bar-by-slide\/","title":{"rendered":"BREAK LINE BAR"},"content":{"rendered":"","protected":false},"excerpt":{"rendered":"<p>Break Line est un bar lumineux qui appartient \u00e0 la collection &#8220;les compl\u00e9ments d&#8217;ameublement pour les syst\u00e8mes d&#8217;exposition&#8221; qui a rendu SLIDE c\u00e9l\u00e8bre dans le monde entier.<\/p>\n","protected":false},"featured_media":1925,"template":"","meta":{"_acf_changed":false,"_et_pb_use_builder":"","_et_pb_old_content":"","_et_gb_content_width":"","_monsterinsights_skip_tracking":false,"_monsterinsights_sitenote_active":false,"_monsterinsights_sitenote_note":"","_monsterinsights_sitenote_category":0},"product_brand":[],"product_cat":[138,135],"product_tag":[208],"class_list":{"0":"post-1903","1":"product","2":"type-product","3":"status-publish","4":"has-post-thumbnail","6":"product_cat-bars","7":"product_cat-table","8":"product_tag-slide-studio","10":"first","11":"instock","12":"shipping-taxable","13":"purchasable","14":"product-type-variable"},"acf":[],"aioseo_notices":[],"_links":{"self":[{"href":"https:\/\/claireambiance.com\/en\/wp-json\/wp\/v2\/product\/1903","targetHints":{"allow":["GET"]}}],"collection":[{"href":"https:\/\/claireambiance.com\/en\/wp-json\/wp\/v2\/product"}],"about":[{"href":"https:\/\/claireambiance.com\/en\/wp-json\/wp\/v2\/types\/product"}],"wp:featuredmedia":[{"embeddable":true,"href":"https:\/\/claireambiance.com\/en\/wp-json\/wp\/v2\/media\/1925"}],"wp:attachment":[{"href":"https:\/\/claireambiance.com\/en\/wp-json\/wp\/v2\/media?parent=1903"}],"wp:term":[{"taxonomy":"product_brand","embeddable":true,"href":"https:\/\/claireambiance.com\/en\/wp-json\/wp\/v2\/product_brand?post=1903"},{"taxonomy":"product_cat","embeddable":true,"href":"https:\/\/claireambiance.com\/en\/wp-json\/wp\/v2\/product_cat?post=1903"},{"taxonomy":"product_tag","embeddable":true,"href":"https:\/\/claireambiance.com\/en\/wp-json\/wp\/v2\/product_tag?post=1903"}],"curies":[{"name":"wp","href":"https:\/\/api.w.org\/{rel}","templated":true}]}}