{"id":1905,"date":"2022-09-14T13:40:48","date_gmt":"2022-09-14T11:40:48","guid":{"rendered":"https:\/\/new.claireambiance.com\/?post_type=product&#038;p=1905"},"modified":"2023-02-08T21:49:59","modified_gmt":"2023-02-08T20:49:59","slug":"mange-debout-jet-by-slide","status":"publish","type":"product","link":"https:\/\/claireambiance.com\/en\/produit\/mange-debout-jet-by-slide\/","title":{"rendered":"MANGE DEBOUT JET"},"content":{"rendered":"","protected":false},"excerpt":{"rendered":"<p>\u00c0 l&#8217;occasion du dixi\u00e8me anniversaire de l&#8217;embl\u00e9matique tabouret Koncord dessin\u00e9 par Karim Rashid, Slide \u00e9largit la collection en lui donnant un partenaire id\u00e9al, la table haute Jet.<\/p>\n","protected":false},"featured_media":1929,"template":"","meta":{"_acf_changed":false,"_et_pb_use_builder":"","_et_pb_old_content":"","_et_gb_content_width":"","_monsterinsights_skip_tracking":false,"_monsterinsights_sitenote_active":false,"_monsterinsights_sitenote_note":"","_monsterinsights_sitenote_category":0},"product_brand":[],"product_cat":[141,188,135],"product_tag":[208],"class_list":{"0":"post-1905","1":"product","2":"type-product","3":"status-publish","4":"has-post-thumbnail","6":"product_cat-mange-debout","7":"product_cat-objets-lumineux","8":"product_cat-table","9":"product_tag-slide-studio","11":"first","12":"instock","13":"shipping-taxable","14":"purchasable","15":"product-type-variable","16":"has-default-attributes"},"acf":[],"aioseo_notices":[],"_links":{"self":[{"href":"https:\/\/claireambiance.com\/en\/wp-json\/wp\/v2\/product\/1905","targetHints":{"allow":["GET"]}}],"collection":[{"href":"https:\/\/claireambiance.com\/en\/wp-json\/wp\/v2\/product"}],"about":[{"href":"https:\/\/claireambiance.com\/en\/wp-json\/wp\/v2\/types\/product"}],"wp:featuredmedia":[{"embeddable":true,"href":"https:\/\/claireambiance.com\/en\/wp-json\/wp\/v2\/media\/1929"}],"wp:attachment":[{"href":"https:\/\/claireambiance.com\/en\/wp-json\/wp\/v2\/media?parent=1905"}],"wp:term":[{"taxonomy":"product_brand","embeddable":true,"href":"https:\/\/claireambiance.com\/en\/wp-json\/wp\/v2\/product_brand?post=1905"},{"taxonomy":"product_cat","embeddable":true,"href":"https:\/\/claireambiance.com\/en\/wp-json\/wp\/v2\/product_cat?post=1905"},{"taxonomy":"product_tag","embeddable":true,"href":"https:\/\/claireambiance.com\/en\/wp-json\/wp\/v2\/product_tag?post=1905"}],"curies":[{"name":"wp","href":"https:\/\/api.w.org\/{rel}","templated":true}]}}